{"id":14,"date":"2020-01-19T16:38:33","date_gmt":"2020-01-19T15:38:33","guid":{"rendered":"https:\/\/www.mercatone-kassel.de\/shop\/index.php\/versandarten\/"},"modified":"2023-07-31T11:38:18","modified_gmt":"2023-07-31T09:38:18","slug":"versandarten","status":"publish","type":"page","link":"https:\/\/www.mercatone-kassel.de\/shop\/versandarten\/","title":{"rendered":"Versandarten"},"content":{"rendered":"<p><strong>Preise, Versandkosten und Lieferinformationen<\/strong><\/p><p>Die auf den Produktseiten genannten Preise enthalten die gesetzliche Mehrwertsteuer und sonstige Preisbestandteile.<\/p><p>Wir liefern nur innerhalb Deutschlands.<\/p><p>Zus\u00e4tzlich zu den angegebenen Preisen berechnen wir f\u00fcr die Lieferung und Verpackung innerhalb Deutschlands pauschal 6,95 Euro pro Bestellung bis max. 12 Flaschen. Bei einer Bestellung von 13 Flaschen oder mehr wird die Kostenpauschale jeweils in Schritten von 12 Flaschen erneut erhoben (ab 13 Flaschen = 13,90 Euro, ab 25 Flaschen = 20,85 Euro, etc.) Die Versandkosten werden Ihnen im Warenkorbsystem und auf der Bestellseite nochmals deutlich mitgeteilt.<\/p><p>Bei Zahlung per Nachnahme wird eine zus\u00e4tzliche Geb\u00fchr in H\u00f6he von [2,- Euro] f\u00e4llig, die der Zusteller vor Ort erhebt. [Weitere Steuern oder Kosten fallen nicht an.]<\/p>\r\n<p>&nbsp;<\/p><p>Die Versandkostenpauschale betr\u00e4gt 6,95 Euro. Die Versandkostenpauschale enth\u00e4lt die gesetzliche Mehrwertsteuer. Da die Mehrwertsteuer auf die Versandkostenpauschale abh\u00e4ngig von den erworbenen Waren berechnet wird, kann sie sich mindern, wenn Waren zu niedrigeren Umsatzsteuers\u00e4tzen erworben werden (z.B. bei Erwerb von B\u00fcchern). Das bedeutet, dass die Versandkostenpauschale erst im Rahmen des Bestellprozesses endg\u00fcltig berechnet werden kann. Sie kann dabei jedoch nicht h\u00f6her, sondern nur zu Ihren Gunsten niedriger werden.<\/p><p>&nbsp;<\/p>","protected":false},"excerpt":{"rendered":"<p>Preise, Versandkosten und Lieferinformationen Die auf den Produktseiten genannten Preise enthalten die gesetzliche Mehrwertsteuer und sonstige Preisbestandteile. Wir liefern nur innerhalb Deutschlands. Zus\u00e4tzlich zu den angegebenen Preisen berechnen wir f\u00fcr die Lieferung und Verpackung innerhalb Deutschlands pauschal 6,95 Euro pro Bestellung bis max. 12 Flaschen. Bei einer Bestellung von 13 Flaschen oder mehr wird die [&hellip;]<\/p>\n","protected":false},"author":1,"featured_media":0,"parent":0,"menu_order":0,"comment_status":"closed","ping_status":"closed","template":"","meta":{"footnotes":""},"class_list":["post-14","page","type-page","status-publish","hentry"],"_links":{"self":[{"href":"https:\/\/www.mercatone-kassel.de\/shop\/wp-json\/wp\/v2\/pages\/14","targetHints":{"allow":["GET"]}}],"collection":[{"href":"https:\/\/www.mercatone-kassel.de\/shop\/wp-json\/wp\/v2\/pages"}],"about":[{"href":"https:\/\/www.mercatone-kassel.de\/shop\/wp-json\/wp\/v2\/types\/page"}],"author":[{"embeddable":true,"href":"https:\/\/www.mercatone-kassel.de\/shop\/wp-json\/wp\/v2\/users\/1"}],"replies":[{"embeddable":true,"href":"https:\/\/www.mercatone-kassel.de\/shop\/wp-json\/wp\/v2\/comments?post=14"}],"version-history":[{"count":5,"href":"https:\/\/www.mercatone-kassel.de\/shop\/wp-json\/wp\/v2\/pages\/14\/revisions"}],"predecessor-version":[{"id":13458,"href":"https:\/\/www.mercatone-kassel.de\/shop\/wp-json\/wp\/v2\/pages\/14\/revisions\/13458"}],"wp:attachment":[{"href":"https:\/\/www.mercatone-kassel.de\/shop\/wp-json\/wp\/v2\/media?parent=14"}],"curies":[{"name":"wp","href":"https:\/\/api.w.org\/{rel}","templated":true}]}}