{"id":15679,"date":"2024-07-11T14:28:51","date_gmt":"2024-07-11T12:28:51","guid":{"rendered":"https:\/\/www.mercatone-kassel.de\/shop\/?post_type=product&#038;p=15679"},"modified":"2026-03-24T12:44:49","modified_gmt":"2026-03-24T11:44:49","slug":"carattere-barbera-dasti-superiore-docg-2020-meridiano","status":"publish","type":"product","link":"https:\/\/www.mercatone-kassel.de\/shop\/shop\/weine\/rotwein\/carattere-barbera-dasti-superiore-docg-2020-meridiano\/","title":{"rendered":"Barbera d&#8217;Asti Superiore &#8222;Carattere&#8220; Docg 2021 &#8211; Meridiano"},"content":{"rendered":"<p class=\"tw-data-text tw-text-large tw-ta\" dir=\"ltr\" data-placeholder=\"\u00dcbersetzung\" data-ved=\"2ahUKEwik3tetzvKBAxXUcvEDHeLVAycQ3ewLegQICRAP\"><span class=\"Y2IQFc\" lang=\"de\">Die ersten 10 Monate seines Lebens reift der Wein in slowenischen und franz\u00f6sischen Eichenf\u00e4ssern.<\/span><\/p>\n<p class=\"tw-data-text tw-text-large tw-ta\" dir=\"ltr\" data-placeholder=\"\u00dcbersetzung\" data-ved=\"2ahUKEwik3tetzvKBAxXUcvEDHeLVAycQ3ewLegQICRAP\">Dank dieser Passage im Holz erh\u00e4lt der Wein eine leichte Tanninnote, die mit der Verfeinerung in der Flasche allm\u00e4hlich schw\u00e4cher wird.<\/p>\n<p class=\"tw-data-text tw-text-large tw-ta\" dir=\"ltr\" data-placeholder=\"\u00dcbersetzung\" data-ved=\"2ahUKEwik3tetzvKBAxXUcvEDHeLVAycQ3ewLegQICRAP\">Im Glas hat er eine leuchtend purpurrote Farbe.<\/p>\n<p class=\"tw-data-text tw-text-large tw-ta\" dir=\"ltr\" data-placeholder=\"\u00dcbersetzung\" data-ved=\"2ahUKEwik3tetzvKBAxXUcvEDHeLVAycQ3ewLegQICRAP\">Er hat ein weiniges Aroma mit Ankl\u00e4ngen von roten Fr\u00fcchten wie Kirschen und Schattenmorellen, zu denen eine sehr zarte Vanille hinzukommt.<\/p>\n<p class=\"tw-data-text tw-text-large tw-ta\" dir=\"ltr\" data-placeholder=\"\u00dcbersetzung\" data-ved=\"2ahUKEwik3tetzvKBAxXUcvEDHeLVAycQ3ewLegQICRAP\">Es ist ein leicht zu trinkender, weicher und angenehmer Wein.<\/p>\n<p class=\"tw-data-text tw-text-large tw-ta\" dir=\"ltr\" data-placeholder=\"\u00dcbersetzung\" data-ved=\"2ahUKEwik3tetzvKBAxXUcvEDHeLVAycQ3ewLegQICRAP\">Am Gaumen ist er vollmundig mit der f\u00fcr die Rebe typischen ausgepr\u00e4gten S\u00e4ure. Er ist anhaltend und die Tannine sind gut ausbalanciert.<\/p>\n","protected":false},"excerpt":{"rendered":"<p>Die ersten 10 Monate seines Lebens reift der Wein in slowenischen und franz\u00f6sischen Eichenf\u00e4ssern. Dank dieser Passage im Holz erh\u00e4lt der Wein eine leichte Tanninnote, die mit der Verfeinerung in der Flasche allm\u00e4hlich schw\u00e4cher wird. Im Glas hat er eine leuchtend purpurrote Farbe. Er hat ein weiniges Aroma mit Ankl\u00e4ngen von roten Fr\u00fcchten wie Kirschen [&hellip;]<\/p>\n","protected":false},"featured_media":15680,"comment_status":"open","ping_status":"closed","template":"","meta":[],"product_brand":[],"product_cat":[91,104,59,99,890],"product_tag":[797,178,1610,1609,170,86,142],"class_list":{"0":"post-15679","1":"product","2":"type-product","3":"status-publish","4":"has-post-thumbnail","6":"product_cat-italien","7":"product_cat-piemont","8":"product_cat-rotwein","9":"product_cat-trocken","10":"product_cat-weine","11":"product_tag-asti","12":"product_tag-barbera","13":"product_tag-bonfante","14":"product_tag-marco","15":"product_tag-piemont","16":"product_tag-rotwein","17":"product_tag-trocken","19":"first","20":"outofstock","21":"taxable","22":"shipping-taxable","23":"purchasable","24":"product-type-simple"},"_links":{"self":[{"href":"https:\/\/www.mercatone-kassel.de\/shop\/wp-json\/wp\/v2\/product\/15679","targetHints":{"allow":["GET"]}}],"collection":[{"href":"https:\/\/www.mercatone-kassel.de\/shop\/wp-json\/wp\/v2\/product"}],"about":[{"href":"https:\/\/www.mercatone-kassel.de\/shop\/wp-json\/wp\/v2\/types\/product"}],"replies":[{"embeddable":true,"href":"https:\/\/www.mercatone-kassel.de\/shop\/wp-json\/wp\/v2\/comments?post=15679"}],"wp:featuredmedia":[{"embeddable":true,"href":"https:\/\/www.mercatone-kassel.de\/shop\/wp-json\/wp\/v2\/media\/15680"}],"wp:attachment":[{"href":"https:\/\/www.mercatone-kassel.de\/shop\/wp-json\/wp\/v2\/media?parent=15679"}],"wp:term":[{"taxonomy":"product_brand","embeddable":true,"href":"https:\/\/www.mercatone-kassel.de\/shop\/wp-json\/wp\/v2\/product_brand?post=15679"},{"taxonomy":"product_cat","embeddable":true,"href":"https:\/\/www.mercatone-kassel.de\/shop\/wp-json\/wp\/v2\/product_cat?post=15679"},{"taxonomy":"product_tag","embeddable":true,"href":"https:\/\/www.mercatone-kassel.de\/shop\/wp-json\/wp\/v2\/product_tag?post=15679"}],"curies":[{"name":"wp","href":"https:\/\/api.w.org\/{rel}","templated":true}]}}