{"id":15814,"date":"2024-07-29T10:03:42","date_gmt":"2024-07-29T08:03:42","guid":{"rendered":"https:\/\/www.mercatone-kassel.de\/shop\/?post_type=product&#038;p=15814"},"modified":"2024-07-29T10:03:43","modified_gmt":"2024-07-29T08:03:43","slug":"champagne-brut-rose-prelude-philippe-costa","status":"publish","type":"product","link":"https:\/\/www.mercatone-kassel.de\/shop\/shop\/weine\/frankreich\/champagne\/champagne-brut-rose-prelude-philippe-costa\/","title":{"rendered":"Champagne Brut Ros\u00e9 &#8222;Prelude&#8220; &#8211; Philippe Costa"},"content":{"rendered":"<p id=\"tw-target-text\" class=\"tw-data-text tw-text-large tw-ta\" dir=\"ltr\" data-placeholder=\"\u00dcbersetzung\" aria-label=\"\u00dcbersetzter Text\" data-ved=\"2ahUKEwjjkITktsSHAxXzSvEDHUoiLjkQ3ewLegQIBxAT\"><span class=\"Y2IQFc\" lang=\"de\">Prelude besteht zu 90 % aus Chardonnay und zu 10 % aus Pinot Noir. Dieses Couv\u00e9e wird durch die Zusammenf\u00fchrung von Chardonny-Trauben und der richtigen Menge Pinot Noir w\u00e4hrend der Weinbereitung gewonnen, um die gew\u00fcnschte Farbe zu erhalten. Anschlie\u00dfend erfolgt die G\u00e4rung bei niedriger Temperatur, um die frischen und gesch\u00e4tzten Noten des Chardonny zu bewahren, kombiniert mit den fruchtigen Ankl\u00e4ngen des Pinot Noir. Der Wein ruht 36 Monate lang auf Hefe in der Flasche und verleiht im letzten Prozess eine hellrosa mit lachsfarbenen Reflexen, hell und brillant, die Perlage ist raffiniert und anhaltend. Explosion von Empfindungen in der Nase. Frisch und fruchtig. Im Mund ist er ausgewogen und frisch, die Perlage ist lebendig, aber im Verlauf elegant, nie zu aufdringlich. Es ist perfekt, sauber und ansprechend. Dieser Ros\u00e9 ist hinsichtlich Genuss und Struktur sehr interessant.<\/span><\/p>\n","protected":false},"excerpt":{"rendered":"<p>Prelude besteht zu 90 % aus Chardonnay und zu 10 % aus Pinot Noir. Dieses Couv\u00e9e wird durch die Zusammenf\u00fchrung von Chardonny-Trauben und der richtigen Menge Pinot Noir w\u00e4hrend der Weinbereitung gewonnen, um die gew\u00fcnschte Farbe zu erhalten. Anschlie\u00dfend erfolgt die G\u00e4rung bei niedriger Temperatur, um die frischen und gesch\u00e4tzten Noten des Chardonny zu bewahren, [&hellip;]<\/p>\n","protected":false},"featured_media":15846,"comment_status":"open","ping_status":"closed","template":"","meta":[],"product_brand":[],"product_cat":[1506,1505,62,99,890],"product_tag":[405,1498,148,1511,1628,1627,63],"class_list":{"0":"post-15814","1":"product","2":"type-product","3":"status-publish","4":"has-post-thumbnail","6":"product_cat-champagne","7":"product_cat-frankreich","8":"product_cat-rose","9":"product_cat-trocken","10":"product_cat-weine","11":"product_tag-brut","12":"product_tag-champagne","13":"product_tag-chardonnay","14":"product_tag-frankreich","15":"product_tag-philippe-costa","16":"product_tag-pinot-noir","17":"product_tag-rose","19":"first","20":"instock","21":"taxable","22":"shipping-taxable","23":"purchasable","24":"product-type-simple"},"_links":{"self":[{"href":"https:\/\/www.mercatone-kassel.de\/shop\/wp-json\/wp\/v2\/product\/15814","targetHints":{"allow":["GET"]}}],"collection":[{"href":"https:\/\/www.mercatone-kassel.de\/shop\/wp-json\/wp\/v2\/product"}],"about":[{"href":"https:\/\/www.mercatone-kassel.de\/shop\/wp-json\/wp\/v2\/types\/product"}],"replies":[{"embeddable":true,"href":"https:\/\/www.mercatone-kassel.de\/shop\/wp-json\/wp\/v2\/comments?post=15814"}],"wp:featuredmedia":[{"embeddable":true,"href":"https:\/\/www.mercatone-kassel.de\/shop\/wp-json\/wp\/v2\/media\/15846"}],"wp:attachment":[{"href":"https:\/\/www.mercatone-kassel.de\/shop\/wp-json\/wp\/v2\/media?parent=15814"}],"wp:term":[{"taxonomy":"product_brand","embeddable":true,"href":"https:\/\/www.mercatone-kassel.de\/shop\/wp-json\/wp\/v2\/product_brand?post=15814"},{"taxonomy":"product_cat","embeddable":true,"href":"https:\/\/www.mercatone-kassel.de\/shop\/wp-json\/wp\/v2\/product_cat?post=15814"},{"taxonomy":"product_tag","embeddable":true,"href":"https:\/\/www.mercatone-kassel.de\/shop\/wp-json\/wp\/v2\/product_tag?post=15814"}],"curies":[{"name":"wp","href":"https:\/\/api.w.org\/{rel}","templated":true}]}}