{"id":16196,"date":"2024-09-18T14:47:12","date_gmt":"2024-09-18T12:47:12","guid":{"rendered":"https:\/\/www.mercatone-kassel.de\/shop\/?post_type=product&#038;p=16196"},"modified":"2025-04-28T11:32:11","modified_gmt":"2025-04-28T09:32:11","slug":"bianco-di-nera-vino-frizzante-bianco-azienda-agricola-g-milazzo","status":"publish","type":"product","link":"https:\/\/www.mercatone-kassel.de\/shop\/shop\/weine\/weisswein\/bianco-di-nera-vino-frizzante-bianco-azienda-agricola-g-milazzo\/","title":{"rendered":"Bianco di Nera Vino Frizzante Bianco &#8211; Azienda Agricola G. Milazzo"},"content":{"rendered":"<p id=\"tw-target-text\" class=\"tw-data-text tw-text-large tw-ta\" dir=\"ltr\" data-placeholder=\"\u00dcbersetzung\" data-ved=\"2ahUKEwjL4a3Ih8qIAxUg8AIHHTCFI2IQ3ewLegQIBxAT\" aria-label=\"Translated text: Jung, frisch, elegant fruchtig. Impressum unverkennbar f\u00fcr seinen kurzen Charmat. Zweite G\u00e4rung im Autoklaven f\u00fcr kurze Zeit Zeit, um Aromen und Weichheit im Glas mit sofortiger Wirkung hervorzuheben. Wundersch\u00f6ne tiefe strohgelbe Farbe. Die Nase ist reichhaltig und komplex. Die Fruchtnoten sind deutlich zu erkennen gelbe tropische Fr\u00fcchte wie Ananas und gelber Pfirsich, zu denen sich im Abgang blumige D\u00fcfte mit Noten von gesellen L\u00f6wenzahn und Akazienhonig. Am Gaumen frisch und cremig, offenbart er eine zarte S\u00e4ure.\"><span class=\"Y2IQFc\" lang=\"de\">Jung, frisch, elegant fruchtig. <\/span><\/p>\n<p class=\"tw-data-text tw-text-large tw-ta\" dir=\"ltr\" data-placeholder=\"\u00dcbersetzung\" data-ved=\"2ahUKEwjL4a3Ih8qIAxUg8AIHHTCFI2IQ3ewLegQIBxAT\" aria-label=\"Translated text: Jung, frisch, elegant fruchtig. Impressum unverkennbar f\u00fcr seinen kurzen Charmat. Zweite G\u00e4rung im Autoklaven f\u00fcr kurze Zeit Zeit, um Aromen und Weichheit im Glas mit sofortiger Wirkung hervorzuheben. Wundersch\u00f6ne tiefe strohgelbe Farbe. Die Nase ist reichhaltig und komplex. Die Fruchtnoten sind deutlich zu erkennen gelbe tropische Fr\u00fcchte wie Ananas und gelber Pfirsich, zu denen sich im Abgang blumige D\u00fcfte mit Noten von gesellen L\u00f6wenzahn und Akazienhonig. Am Gaumen frisch und cremig, offenbart er eine zarte S\u00e4ure.\"><span class=\"Y2IQFc\" lang=\"de\">Impressum unverkennbar f\u00fcr seinen kurzen Charmat. <\/span><\/p>\n<p class=\"tw-data-text tw-text-large tw-ta\" dir=\"ltr\" data-placeholder=\"\u00dcbersetzung\" data-ved=\"2ahUKEwjL4a3Ih8qIAxUg8AIHHTCFI2IQ3ewLegQIBxAT\" aria-label=\"Translated text: Jung, frisch, elegant fruchtig. Impressum unverkennbar f\u00fcr seinen kurzen Charmat. Zweite G\u00e4rung im Autoklaven f\u00fcr kurze Zeit Zeit, um Aromen und Weichheit im Glas mit sofortiger Wirkung hervorzuheben. Wundersch\u00f6ne tiefe strohgelbe Farbe. Die Nase ist reichhaltig und komplex. Die Fruchtnoten sind deutlich zu erkennen gelbe tropische Fr\u00fcchte wie Ananas und gelber Pfirsich, zu denen sich im Abgang blumige D\u00fcfte mit Noten von gesellen L\u00f6wenzahn und Akazienhonig. Am Gaumen frisch und cremig, offenbart er eine zarte S\u00e4ure.\"><span class=\"Y2IQFc\" lang=\"de\">Zweite G\u00e4rung im Autoklaven f\u00fcr kurze Zeit, um Aromen und Weichheit im Glas mit sofortiger Wirkung hervorzuheben. <\/span><\/p>\n<p class=\"tw-data-text tw-text-large tw-ta\" dir=\"ltr\" data-placeholder=\"\u00dcbersetzung\" data-ved=\"2ahUKEwjL4a3Ih8qIAxUg8AIHHTCFI2IQ3ewLegQIBxAT\" aria-label=\"Translated text: Jung, frisch, elegant fruchtig. Impressum unverkennbar f\u00fcr seinen kurzen Charmat. Zweite G\u00e4rung im Autoklaven f\u00fcr kurze Zeit Zeit, um Aromen und Weichheit im Glas mit sofortiger Wirkung hervorzuheben. Wundersch\u00f6ne tiefe strohgelbe Farbe. Die Nase ist reichhaltig und komplex. Die Fruchtnoten sind deutlich zu erkennen gelbe tropische Fr\u00fcchte wie Ananas und gelber Pfirsich, zu denen sich im Abgang blumige D\u00fcfte mit Noten von gesellen L\u00f6wenzahn und Akazienhonig. Am Gaumen frisch und cremig, offenbart er eine zarte S\u00e4ure.\"><span class=\"Y2IQFc\" lang=\"de\">Wundersch\u00f6ne tiefe strohgelbe Farbe. <\/span><\/p>\n<p class=\"tw-data-text tw-text-large tw-ta\" dir=\"ltr\" data-placeholder=\"\u00dcbersetzung\" data-ved=\"2ahUKEwjL4a3Ih8qIAxUg8AIHHTCFI2IQ3ewLegQIBxAT\" aria-label=\"Translated text: Jung, frisch, elegant fruchtig. Impressum unverkennbar f\u00fcr seinen kurzen Charmat. Zweite G\u00e4rung im Autoklaven f\u00fcr kurze Zeit Zeit, um Aromen und Weichheit im Glas mit sofortiger Wirkung hervorzuheben. Wundersch\u00f6ne tiefe strohgelbe Farbe. Die Nase ist reichhaltig und komplex. Die Fruchtnoten sind deutlich zu erkennen gelbe tropische Fr\u00fcchte wie Ananas und gelber Pfirsich, zu denen sich im Abgang blumige D\u00fcfte mit Noten von gesellen L\u00f6wenzahn und Akazienhonig. Am Gaumen frisch und cremig, offenbart er eine zarte S\u00e4ure.\"><span class=\"Y2IQFc\" lang=\"de\">Die Nase ist reichhaltig und komplex. Die Fruchtnoten sind deutlich zu erkennen gelbe tropische Fr\u00fcchte wie Ananas und gelber Pfirsich, zu denen sich im Abgang blumige D\u00fcfte mit Noten von gesellen L\u00f6wenzahn und Akazienhonig.<\/span><\/p>\n<p class=\"tw-data-text tw-text-large tw-ta\" dir=\"ltr\" data-placeholder=\"\u00dcbersetzung\" data-ved=\"2ahUKEwjL4a3Ih8qIAxUg8AIHHTCFI2IQ3ewLegQIBxAT\" aria-label=\"Translated text: Jung, frisch, elegant fruchtig. Impressum unverkennbar f\u00fcr seinen kurzen Charmat. Zweite G\u00e4rung im Autoklaven f\u00fcr kurze Zeit Zeit, um Aromen und Weichheit im Glas mit sofortiger Wirkung hervorzuheben. Wundersch\u00f6ne tiefe strohgelbe Farbe. Die Nase ist reichhaltig und komplex. Die Fruchtnoten sind deutlich zu erkennen gelbe tropische Fr\u00fcchte wie Ananas und gelber Pfirsich, zu denen sich im Abgang blumige D\u00fcfte mit Noten von gesellen L\u00f6wenzahn und Akazienhonig. Am Gaumen frisch und cremig, offenbart er eine zarte S\u00e4ure.\"><span class=\"Y2IQFc\" lang=\"de\"> Am Gaumen frisch und cremig, offenbart er eine zarte S\u00e4ure.<\/span><\/p>\n<p dir=\"ltr\" data-placeholder=\"\u00dcbersetzung\" data-ved=\"2ahUKEwjL4a3Ih8qIAxUg8AIHHTCFI2IQ3ewLegQIBxAT\" aria-label=\"Translated text: Ein Wei\u00dfwein mit unverwechselbarer Pr\u00e4gung. Vignavella stammt aus einem alten Biotyp von Catarratto, einer besonderen Selektion, f\u00fcr einen Wein, der gleichzeitig elegant und opulent ist und dessen reife Fruchtnoten sich bei der Flaschenverfeinerung zu einem Hauch von W\u00fcrze entwickeln. Der Weinherstellungsprozess zielt darauf ab, die frischen und fruchtigen Noten durchg\u00e4ngig zu bewahren und hervorzuheben Die Reifephase erfolgt ausschlie\u00dflich im Edelstahltank. Das Ergebnis ist ein gro\u00dfartiger Wei\u00dfwein Dicke und Komplexit\u00e4t, die ein Bouquet reifer tropischer Fruchtaromen ergeben, erg\u00e4nzt durch eine erfrischende S\u00e4ure, die ihn am Gaumen langlebig und anhaltend macht. Intensive strohgelbe Farbe. In der Nase explodiert es in gelben tropischen Noten, in denen die gelber Pfirsich, reife Ananas und Mango. Im Mund ist er reichhaltig, strukturiert, voll und warm. Ein Wein von gro\u00dfe Kraft, die sich durch besondere Beharrlichkeit auszeichnet.\"><img loading=\"lazy\" decoding=\"async\" class=\"alignnone wp-image-6128\" src=\"https:\/\/www.mercatone-kassel.de\/shop\/wp-content\/uploads\/2020\/05\/BIO_EU_Logo.jpg\" alt=\"\" width=\"214\" height=\"120\" srcset=\"https:\/\/www.mercatone-kassel.de\/shop\/wp-content\/uploads\/2020\/05\/BIO_EU_Logo.jpg 300w, https:\/\/www.mercatone-kassel.de\/shop\/wp-content\/uploads\/2020\/05\/BIO_EU_Logo-64x36.jpg 64w\" sizes=\"auto, (max-width: 214px) 100vw, 214px\" \/><\/p>\n<p>&nbsp;<\/p>\n","protected":false},"excerpt":{"rendered":"<p>Jung, frisch, elegant fruchtig. Impressum unverkennbar f\u00fcr seinen kurzen Charmat. Zweite G\u00e4rung im Autoklaven f\u00fcr kurze Zeit, um Aromen und Weichheit im Glas mit sofortiger Wirkung hervorzuheben. Wundersch\u00f6ne tiefe strohgelbe Farbe. Die Nase ist reichhaltig und komplex. Die Fruchtnoten sind deutlich zu erkennen gelbe tropische Fr\u00fcchte wie Ananas und gelber Pfirsich, zu denen sich im [&hellip;]<\/p>\n","protected":false},"featured_media":16197,"comment_status":"open","ping_status":"closed","template":"","meta":[],"product_brand":[],"product_cat":[91,103,99,890,67],"product_tag":[1694,606,148,1192,1109,1699,228,255,142,90],"class_list":{"0":"post-16196","1":"product","2":"type-product","3":"status-publish","4":"has-post-thumbnail","6":"product_cat-italien","7":"product_cat-sizilien","8":"product_cat-trocken","9":"product_cat-weine","10":"product_cat-weisswein","11":"product_tag-azienda-agricola-milazzo","12":"product_tag-bio","13":"product_tag-chardonnay","14":"product_tag-frizzante","15":"product_tag-inzolia","16":"product_tag-nero-cappuccio","17":"product_tag-schaumwein","18":"product_tag-sizilien","19":"product_tag-trocken","20":"product_tag-weisswein","22":"first","23":"instock","24":"taxable","25":"shipping-taxable","26":"purchasable","27":"product-type-simple"},"_links":{"self":[{"href":"https:\/\/www.mercatone-kassel.de\/shop\/wp-json\/wp\/v2\/product\/16196","targetHints":{"allow":["GET"]}}],"collection":[{"href":"https:\/\/www.mercatone-kassel.de\/shop\/wp-json\/wp\/v2\/product"}],"about":[{"href":"https:\/\/www.mercatone-kassel.de\/shop\/wp-json\/wp\/v2\/types\/product"}],"replies":[{"embeddable":true,"href":"https:\/\/www.mercatone-kassel.de\/shop\/wp-json\/wp\/v2\/comments?post=16196"}],"wp:featuredmedia":[{"embeddable":true,"href":"https:\/\/www.mercatone-kassel.de\/shop\/wp-json\/wp\/v2\/media\/16197"}],"wp:attachment":[{"href":"https:\/\/www.mercatone-kassel.de\/shop\/wp-json\/wp\/v2\/media?parent=16196"}],"wp:term":[{"taxonomy":"product_brand","embeddable":true,"href":"https:\/\/www.mercatone-kassel.de\/shop\/wp-json\/wp\/v2\/product_brand?post=16196"},{"taxonomy":"product_cat","embeddable":true,"href":"https:\/\/www.mercatone-kassel.de\/shop\/wp-json\/wp\/v2\/product_cat?post=16196"},{"taxonomy":"product_tag","embeddable":true,"href":"https:\/\/www.mercatone-kassel.de\/shop\/wp-json\/wp\/v2\/product_tag?post=16196"}],"curies":[{"name":"wp","href":"https:\/\/api.w.org\/{rel}","templated":true}]}}