{"id":17379,"date":"2025-02-21T15:33:05","date_gmt":"2025-02-21T14:33:05","guid":{"rendered":"https:\/\/www.mercatone-kassel.de\/shop\/?post_type=product&#038;p=17379"},"modified":"2026-02-16T11:00:04","modified_gmt":"2026-02-16T10:00:04","slug":"tignanello-toscana-igt-2021-antinori","status":"publish","type":"product","link":"https:\/\/www.mercatone-kassel.de\/shop\/shop\/weine\/rotwein\/tignanello-toscana-igt-2021-antinori\/","title":{"rendered":"Tignanello Toscana Igt 2021 &#8211; Antinori"},"content":{"rendered":"<p id=\"tw-target-text\" class=\"tw-data-text tw-text-large tw-ta\" dir=\"ltr\" data-placeholder=\"\u00dcbersetzung\" data-ved=\"2ahUKEwiXjc2g_NSLAxU_XvEDHczKPHAQ3ewLegQIBxAU\" aria-label=\"\u00dcbersetzter Text: Tignanello 2021 hat eine intensive rubinrote Farbe mit violetten Reflexen. Die Nase ist komplex: Noten von Pflaumen\nreife Brombeere und kandierte Orangenschale wechseln sich mit angenehmen Noten von dunkler Schokolade, Karamell und anderen Aromen ab\nLakritze; S\u00fc\u00dfe Tabaknuancen runden das Bouquet ab. Am Gaumen ist er reichhaltig, anmutig, intensiv und unverwechselbar\ndurch s\u00fc\u00dfe und lebendige Tannine, die einem langen und anhaltenden Abgang vorausgehen.\"><span class=\"Y2IQFc\" lang=\"de\">Tignanello 2021 hat eine intensive rubinrote Farbe mit violetten Reflexen. Die Nase ist komplex: Noten von Pflaumen reife Brombeere und kandierte Orangenschale wechseln sich mit angenehmen Noten von dunkler Schokolade, Karamell und anderen Aromen ab Lakritze; S\u00fc\u00dfe Tabaknuancen runden das Bouquet ab. Am Gaumen ist er reichhaltig, anmutig, intensiv und unverwechselbar durch s\u00fc\u00dfe und lebendige Tannine, die einem langen und anhaltenden Abgang vorausgehen.<\/span><\/p>\n","protected":false},"excerpt":{"rendered":"<p>Tignanello 2021 hat eine intensive rubinrote Farbe mit violetten Reflexen. Die Nase ist komplex: Noten von Pflaumen reife Brombeere und kandierte Orangenschale wechseln sich mit angenehmen Noten von dunkler Schokolade, Karamell und anderen Aromen ab Lakritze; S\u00fc\u00dfe Tabaknuancen runden das Bouquet ab. Am Gaumen ist er reichhaltig, anmutig, intensiv und unverwechselbar durch s\u00fc\u00dfe und lebendige [&hellip;]<\/p>\n","protected":false},"featured_media":17380,"comment_status":"open","ping_status":"closed","template":"","meta":[],"product_brand":[],"product_cat":[91,59,107,99,890],"product_tag":[1764,430,1766,1767,158,86,193,1768,1765,142],"class_list":{"0":"post-17379","1":"product","2":"type-product","3":"status-publish","4":"has-post-thumbnail","6":"product_cat-italien","7":"product_cat-rotwein","8":"product_cat-toskana","9":"product_cat-trocken","10":"product_cat-weine","11":"product_tag-antinori","12":"product_tag-barriques","13":"product_tag-cabernet-franc","14":"product_tag-cabernet-sauvignon","15":"product_tag-prestige","16":"product_tag-rotwein","17":"product_tag-sangiovese","18":"product_tag-super-toscany-wine","19":"product_tag-tignanello","20":"product_tag-trocken","22":"first","23":"outofstock","24":"taxable","25":"shipping-taxable","26":"purchasable","27":"product-type-simple"},"_links":{"self":[{"href":"https:\/\/www.mercatone-kassel.de\/shop\/wp-json\/wp\/v2\/product\/17379","targetHints":{"allow":["GET"]}}],"collection":[{"href":"https:\/\/www.mercatone-kassel.de\/shop\/wp-json\/wp\/v2\/product"}],"about":[{"href":"https:\/\/www.mercatone-kassel.de\/shop\/wp-json\/wp\/v2\/types\/product"}],"replies":[{"embeddable":true,"href":"https:\/\/www.mercatone-kassel.de\/shop\/wp-json\/wp\/v2\/comments?post=17379"}],"wp:featuredmedia":[{"embeddable":true,"href":"https:\/\/www.mercatone-kassel.de\/shop\/wp-json\/wp\/v2\/media\/17380"}],"wp:attachment":[{"href":"https:\/\/www.mercatone-kassel.de\/shop\/wp-json\/wp\/v2\/media?parent=17379"}],"wp:term":[{"taxonomy":"product_brand","embeddable":true,"href":"https:\/\/www.mercatone-kassel.de\/shop\/wp-json\/wp\/v2\/product_brand?post=17379"},{"taxonomy":"product_cat","embeddable":true,"href":"https:\/\/www.mercatone-kassel.de\/shop\/wp-json\/wp\/v2\/product_cat?post=17379"},{"taxonomy":"product_tag","embeddable":true,"href":"https:\/\/www.mercatone-kassel.de\/shop\/wp-json\/wp\/v2\/product_tag?post=17379"}],"curies":[{"name":"wp","href":"https:\/\/api.w.org\/{rel}","templated":true}]}}