{"id":17395,"date":"2025-03-05T11:47:12","date_gmt":"2025-03-05T10:47:12","guid":{"rendered":"https:\/\/www.mercatone-kassel.de\/shop\/?post_type=product&#038;p=17395"},"modified":"2026-04-01T08:52:50","modified_gmt":"2026-04-01T06:52:50","slug":"ebbio-langhe-nebbiolo-doc-2023-fontanafredda","status":"publish","type":"product","link":"https:\/\/www.mercatone-kassel.de\/shop\/shop\/weine\/rotwein\/ebbio-langhe-nebbiolo-doc-2023-fontanafredda\/","title":{"rendered":"Ebbio Langhe Nebbiolo Doc 2023 Fontanafredda &#8211; Terravini"},"content":{"rendered":"<p id=\"tw-target-text\" class=\"tw-data-text tw-text-large tw-ta\" dir=\"ltr\" data-placeholder=\"\u00dcbersetzung\" data-ved=\"2ahUKEwiJluTUkdyLAxXGh_0HHfZ7N0QQ3ewLegQIBxAU\" aria-label=\"\u00dcbersetzter Text: Er reift mindestens 4 Monate im Holz und anschlie\u00dfend mindestens 1-2 Monate in der Flasche. Der H\u00f6hepunkt der Verfeinerung wird sofort erreicht und bleibt mindestens 3\/4 Jahre nach der Ernte konstant. Jung getrunken pr\u00e4sentiert es duftend die Angenehmheit von Spontaneit\u00e4t und \u00dcberraschung. In seinem Bouquet, in seiner Farbe, in seinem gro\u00dfz\u00fcgigen und samtigen K\u00f6rper dr\u00fcckt dieser Langhe Nebbiolo die ganze Typizit\u00e4t der k\u00f6niglichen Rebe aus, aus der er stammt. Im Laufe der Jahre nimmt er eine granatrote Farbe mit hellen Oranget\u00f6nen und intensiveren Aromen verwelkter Blumen wie Rose und vor allem Geranie an. Der Geschmack ist warm, weich, voll, samtig und harmonisch, mit guter Nachhaltigkeit. Ideal zu leckeren ersten G\u00e4ngen, zweiten G\u00e4ngen mit Fleisch und K\u00e4se mittleren Alters.\"><span class=\"Y2IQFc\" lang=\"de\">Er reift mindestens 4 Monate im Holz und anschlie\u00dfend mindestens 1-2 Monate in der Flasche. Der H\u00f6hepunkt der Verfeinerung wird sofort erreicht und bleibt mindestens 3\/4 Jahre nach der Ernte konstant. Jung getrunken pr\u00e4sentiert es duftend die Angenehmheit von Spontaneit\u00e4t und \u00dcberraschung. In seinem Bouquet, in seiner Farbe, in seinem gro\u00dfz\u00fcgigen und samtigen K\u00f6rper dr\u00fcckt dieser Langhe Nebbiolo die ganze Typizit\u00e4t der k\u00f6niglichen Rebe aus, aus der er stammt. Im Laufe der Jahre nimmt er eine granatrote Farbe mit hellen Oranget\u00f6nen und intensiveren Aromen verwelkter Blumen wie Rose und vor allem Geranie an. Der Geschmack ist warm, weich, voll, samtig und harmonisch, mit guter Nachhaltigkeit. Ideal zu leckeren ersten G\u00e4ngen, zweiten G\u00e4ngen mit Fleisch und K\u00e4se mittleren Alters.<\/span><\/p>\n","protected":false},"excerpt":{"rendered":"<p>Er reift mindestens 4 Monate im Holz und anschlie\u00dfend mindestens 1-2 Monate in der Flasche. Der H\u00f6hepunkt der Verfeinerung wird sofort erreicht und bleibt mindestens 3\/4 Jahre nach der Ernte konstant. Jung getrunken pr\u00e4sentiert es duftend die Angenehmheit von Spontaneit\u00e4t und \u00dcberraschung. In seinem Bouquet, in seiner Farbe, in seinem gro\u00dfz\u00fcgigen und samtigen K\u00f6rper dr\u00fcckt [&hellip;]<\/p>\n","protected":false},"featured_media":17399,"comment_status":"open","ping_status":"closed","template":"","meta":[],"product_brand":[],"product_cat":[1127,91,104,59,99,890],"product_tag":[1776,844,174,170,86,142],"class_list":{"0":"post-17395","1":"product","2":"type-product","3":"status-publish","4":"has-post-thumbnail","6":"product_cat-angebote","7":"product_cat-italien","8":"product_cat-piemont","9":"product_cat-rotwein","10":"product_cat-trocken","11":"product_cat-weine","12":"product_tag-fontanafredda","13":"product_tag-langhe","14":"product_tag-nebbiolo","15":"product_tag-piemont","16":"product_tag-rotwein","17":"product_tag-trocken","19":"first","20":"outofstock","21":"sale","22":"taxable","23":"shipping-taxable","24":"purchasable","25":"product-type-simple"},"_links":{"self":[{"href":"https:\/\/www.mercatone-kassel.de\/shop\/wp-json\/wp\/v2\/product\/17395","targetHints":{"allow":["GET"]}}],"collection":[{"href":"https:\/\/www.mercatone-kassel.de\/shop\/wp-json\/wp\/v2\/product"}],"about":[{"href":"https:\/\/www.mercatone-kassel.de\/shop\/wp-json\/wp\/v2\/types\/product"}],"replies":[{"embeddable":true,"href":"https:\/\/www.mercatone-kassel.de\/shop\/wp-json\/wp\/v2\/comments?post=17395"}],"wp:featuredmedia":[{"embeddable":true,"href":"https:\/\/www.mercatone-kassel.de\/shop\/wp-json\/wp\/v2\/media\/17399"}],"wp:attachment":[{"href":"https:\/\/www.mercatone-kassel.de\/shop\/wp-json\/wp\/v2\/media?parent=17395"}],"wp:term":[{"taxonomy":"product_brand","embeddable":true,"href":"https:\/\/www.mercatone-kassel.de\/shop\/wp-json\/wp\/v2\/product_brand?post=17395"},{"taxonomy":"product_cat","embeddable":true,"href":"https:\/\/www.mercatone-kassel.de\/shop\/wp-json\/wp\/v2\/product_cat?post=17395"},{"taxonomy":"product_tag","embeddable":true,"href":"https:\/\/www.mercatone-kassel.de\/shop\/wp-json\/wp\/v2\/product_tag?post=17395"}],"curies":[{"name":"wp","href":"https:\/\/api.w.org\/{rel}","templated":true}]}}