{"id":17408,"date":"2025-02-24T15:25:19","date_gmt":"2025-02-24T14:25:19","guid":{"rendered":"https:\/\/www.mercatone-kassel.de\/shop\/?post_type=product&#038;p=17408"},"modified":"2025-11-27T23:14:05","modified_gmt":"2025-11-27T22:14:05","slug":"alie-toscana-igt-2023-15lt-frescobaldi","status":"publish","type":"product","link":"https:\/\/www.mercatone-kassel.de\/shop\/shop\/weine\/rose\/alie-toscana-igt-2023-15lt-frescobaldi\/","title":{"rendered":"Al\u00ece Toscana Igt 2023 1,5lt &#8211; Frescobaldi"},"content":{"rendered":"<p>Al\u00ece\u202fist\u202feine\u202fFigur\u202faus\u202fder\u202fgriechischen\u202fMythologie,\u202feine der\u202fMeeresnymphen,\u202fSymbol f\u00fcr Sinnlichkeit und Sch\u00f6nheit. Al\u00ece ist ein eleganter Ros\u00e9 mit klarer, reiner Farbe und dezenten rubinroten Reflexen. Ein raffiniertes Gleichgewicht zwischen Syrah und Vermentino, die in ihrer N\u00e4he zum Meer ihren h\u00f6chsten Ausdruck finden. Aromen von wei\u00dfen Blumen, Walderdbeeren und Zitrusschalen gehen in eine delikate Struktur mit einem Hauch der f\u00fcr die Region typischen Mineralit\u00e4t \u00fcber, die einen langen und reichen Abgang hinterl\u00e4sst. Bezaubernd vom Aperitif bis zum Essen und in guter Gesellschaft<\/p>\n","protected":false},"excerpt":{"rendered":"<p>Al\u00ece\u202fist\u202feine\u202fFigur\u202faus\u202fder\u202fgriechischen\u202fMythologie,\u202feine der\u202fMeeresnymphen,\u202fSymbol f\u00fcr Sinnlichkeit und Sch\u00f6nheit. Al\u00ece ist ein eleganter Ros\u00e9 mit klarer, reiner Farbe und dezenten rubinroten Reflexen. Ein raffiniertes Gleichgewicht zwischen Syrah und Vermentino, die in ihrer N\u00e4he zum Meer ihren h\u00f6chsten Ausdruck finden. Aromen von wei\u00dfen Blumen, Walderdbeeren und Zitrusschalen gehen in eine delikate Struktur mit einem Hauch der f\u00fcr die Region [&hellip;]<\/p>\n","protected":false},"featured_media":17406,"comment_status":"open","ping_status":"closed","template":"","meta":[],"product_brand":[],"product_cat":[91,909,62,107,99],"product_tag":[675,911,63,492,1788,142,266],"class_list":{"0":"post-17408","1":"product","2":"type-product","3":"status-publish","4":"has-post-thumbnail","6":"product_cat-italien","7":"product_cat-magnumflaschen","8":"product_cat-rose","9":"product_cat-toskana","10":"product_cat-trocken","11":"product_tag-frescobaldi","12":"product_tag-magnum","13":"product_tag-rose","14":"product_tag-syrah","15":"product_tag-toscana-igt","16":"product_tag-trocken","17":"product_tag-vermentino","19":"first","20":"instock","21":"taxable","22":"shipping-taxable","23":"purchasable","24":"product-type-simple"},"_links":{"self":[{"href":"https:\/\/www.mercatone-kassel.de\/shop\/wp-json\/wp\/v2\/product\/17408","targetHints":{"allow":["GET"]}}],"collection":[{"href":"https:\/\/www.mercatone-kassel.de\/shop\/wp-json\/wp\/v2\/product"}],"about":[{"href":"https:\/\/www.mercatone-kassel.de\/shop\/wp-json\/wp\/v2\/types\/product"}],"replies":[{"embeddable":true,"href":"https:\/\/www.mercatone-kassel.de\/shop\/wp-json\/wp\/v2\/comments?post=17408"}],"wp:featuredmedia":[{"embeddable":true,"href":"https:\/\/www.mercatone-kassel.de\/shop\/wp-json\/wp\/v2\/media\/17406"}],"wp:attachment":[{"href":"https:\/\/www.mercatone-kassel.de\/shop\/wp-json\/wp\/v2\/media?parent=17408"}],"wp:term":[{"taxonomy":"product_brand","embeddable":true,"href":"https:\/\/www.mercatone-kassel.de\/shop\/wp-json\/wp\/v2\/product_brand?post=17408"},{"taxonomy":"product_cat","embeddable":true,"href":"https:\/\/www.mercatone-kassel.de\/shop\/wp-json\/wp\/v2\/product_cat?post=17408"},{"taxonomy":"product_tag","embeddable":true,"href":"https:\/\/www.mercatone-kassel.de\/shop\/wp-json\/wp\/v2\/product_tag?post=17408"}],"curies":[{"name":"wp","href":"https:\/\/api.w.org\/{rel}","templated":true}]}}