{"id":17591,"date":"2025-03-20T15:01:14","date_gmt":"2025-03-20T14:01:14","guid":{"rendered":"https:\/\/www.mercatone-kassel.de\/shop\/?post_type=product&#038;p=17591"},"modified":"2026-03-25T11:54:05","modified_gmt":"2026-03-25T10:54:05","slug":"biancosesto-15lt-dop-2022-la-tunella","status":"publish","type":"product","link":"https:\/\/www.mercatone-kassel.de\/shop\/shop\/weine\/weisswein\/biancosesto-15lt-dop-2022-la-tunella\/","title":{"rendered":"Biancosesto 1,5lt DOP 2022 &#8211; La Tunella"},"content":{"rendered":"<p>Der La Tunella Biancosesto \u00fcberrascht: Die Mischung aus Friulano- und Ribolla Gialla-Trauben zaubert einen ganz besonderen Wei\u00dfwein hervor! Denn die Kombination aus der leichten Mandelnote des Friulano und der unvergleichlichen Frische der Ribolla Gialla erzeugt herrliche Kontraste, die am Gaumen tanzen. Beide Rebsorten geh\u00f6ren zu den bedeutendsten wei\u00dfen autochthonen Rebsorten Friauls. Hinzu kommen Noten von frisch gebackener Brotkruste, Vanille, Akazienbl\u00fcten und Pfirsich.<\/p>\n<p>&nbsp;<\/p>\n<p>Trotz der w\u00fcrzigen Anmutung ist der La Tunella Biancosesto frisch und schlank, zugleich mild und vollmundig. Im Glas zeigt er sich in einem leuchtenden Strohgelb mit zarten gr\u00fcnlichen Reflexen. Erfreuen Sie sich an diesem wirklich raffinierten, eleganten Wei\u00dfwein aus dem Friaul!<\/p>\n","protected":false},"excerpt":{"rendered":"<p>Der La Tunella Biancosesto \u00fcberrascht: Die Mischung aus Friulano- und Ribolla Gialla-Trauben zaubert einen ganz besonderen Wei\u00dfwein hervor! Denn die Kombination aus der leichten Mandelnote des Friulano und der unvergleichlichen Frische der Ribolla Gialla erzeugt herrliche Kontraste, die am Gaumen tanzen. Beide Rebsorten geh\u00f6ren zu den bedeutendsten wei\u00dfen autochthonen Rebsorten Friauls. Hinzu kommen Noten von [&hellip;]<\/p>\n","protected":false},"featured_media":17592,"comment_status":"open","ping_status":"closed","template":"","meta":[],"product_brand":[],"product_cat":[112,91,909,99,890,67],"product_tag":[1806,387,631,627,911,394,142,90],"class_list":{"0":"post-17591","1":"product","2":"type-product","3":"status-publish","4":"has-post-thumbnail","6":"product_cat-friaul_julisch_venetien","7":"product_cat-italien","8":"product_cat-magnumflaschen","9":"product_cat-trocken","10":"product_cat-weine","11":"product_cat-weisswein","12":"product_tag-biancosesto","13":"product_tag-friaul-julisch-venetien","14":"product_tag-friulano","15":"product_tag-la_tunella","16":"product_tag-magnum","17":"product_tag-ribolla_gialla","18":"product_tag-trocken","19":"product_tag-weisswein","21":"first","22":"instock","23":"taxable","24":"shipping-taxable","25":"purchasable","26":"product-type-simple"},"_links":{"self":[{"href":"https:\/\/www.mercatone-kassel.de\/shop\/wp-json\/wp\/v2\/product\/17591","targetHints":{"allow":["GET"]}}],"collection":[{"href":"https:\/\/www.mercatone-kassel.de\/shop\/wp-json\/wp\/v2\/product"}],"about":[{"href":"https:\/\/www.mercatone-kassel.de\/shop\/wp-json\/wp\/v2\/types\/product"}],"replies":[{"embeddable":true,"href":"https:\/\/www.mercatone-kassel.de\/shop\/wp-json\/wp\/v2\/comments?post=17591"}],"wp:featuredmedia":[{"embeddable":true,"href":"https:\/\/www.mercatone-kassel.de\/shop\/wp-json\/wp\/v2\/media\/17592"}],"wp:attachment":[{"href":"https:\/\/www.mercatone-kassel.de\/shop\/wp-json\/wp\/v2\/media?parent=17591"}],"wp:term":[{"taxonomy":"product_brand","embeddable":true,"href":"https:\/\/www.mercatone-kassel.de\/shop\/wp-json\/wp\/v2\/product_brand?post=17591"},{"taxonomy":"product_cat","embeddable":true,"href":"https:\/\/www.mercatone-kassel.de\/shop\/wp-json\/wp\/v2\/product_cat?post=17591"},{"taxonomy":"product_tag","embeddable":true,"href":"https:\/\/www.mercatone-kassel.de\/shop\/wp-json\/wp\/v2\/product_tag?post=17591"}],"curies":[{"name":"wp","href":"https:\/\/api.w.org\/{rel}","templated":true}]}}