{"id":18166,"date":"2025-07-01T12:22:18","date_gmt":"2025-07-01T10:22:18","guid":{"rendered":"https:\/\/www.mercatone-kassel.de\/shop\/?post_type=product&#038;p=18166"},"modified":"2026-04-01T08:41:41","modified_gmt":"2026-04-01T06:41:41","slug":"greco-campania-igt-2024-nugnes","status":"publish","type":"product","link":"https:\/\/www.mercatone-kassel.de\/shop\/shop\/weine\/weisswein\/greco-campania-igt-2024-nugnes\/","title":{"rendered":"Greco di Tufo Campania IGT 2024 &#8211; Nugnes"},"content":{"rendered":"<div id=\"tw-target-text-container\" class=\"tw-ta-container tw-nfl\" tabindex=\"0\" role=\"text\">\n<p id=\"tw-target-text\" class=\"tw-data-text tw-text-large tw-ta\" dir=\"ltr\" data-placeholder=\"\u00dcbersetzung\" data-ved=\"2ahUKEwjZxKr8t5uOAxXAwAIHHXIFOsQQ3ewLegQICRAU\" aria-label=\"\u00dcbersetzter Text: Mit einem breiten Aroma von Orangenbl\u00fcten und Zitrusschalen mit ausgepr\u00e4gten Noten von ger\u00f6steten Mandeln. Im Mund ist er vollmundig, mit gutem K\u00f6rper, mit einer ausgewogenen Kombination aus Weichheit und S\u00e4ure, intensiv und anhaltend.\"><span class=\"Y2IQFc\" lang=\"de\">Mit einem breiten Aroma von Orangenbl\u00fcten und Zitrusschalen mit ausgepr\u00e4gten Noten von ger\u00f6steten Mandeln. Im Mund ist er vollmundig, mit gutem K\u00f6rper, mit einer ausgewogenen Kombination aus Weichheit und S\u00e4ure, intensiv und anhaltend.<\/span><\/p>\n<\/div>\n<div id=\"tw-target-rmn-container\" class=\"tw-target-rmn tw-ta-container tw-nfl\" tabindex=\"0\" role=\"text\">\n<pre id=\"tw-target-rmn\" class=\"tw-data-placeholder tw-text-small tw-ta\" dir=\"ltr\" data-placeholder=\"\"><\/pre>\n<\/div>\n<div class=\"iYB33c\">\n<div id=\"tw-tmenu\" class=\"tw-menu\"><\/div>\n<\/div>\n<p id=\"tw-tmenu\" class=\"tw-menu\">\n","protected":false},"excerpt":{"rendered":"<p>Mit einem breiten Aroma von Orangenbl\u00fcten und Zitrusschalen mit ausgepr\u00e4gten Noten von ger\u00f6steten Mandeln. Im Mund ist er vollmundig, mit gutem K\u00f6rper, mit einer ausgewogenen Kombination aus Weichheit und S\u00e4ure, intensiv und anhaltend.<\/p>\n","protected":false},"featured_media":18169,"comment_status":"open","ping_status":"closed","template":"","meta":[],"product_brand":[],"product_cat":[1127,91,101,99,890,67],"product_tag":[152,202,1849,142,90],"class_list":{"0":"post-18166","1":"product","2":"type-product","3":"status-publish","4":"has-post-thumbnail","6":"product_cat-angebote","7":"product_cat-italien","8":"product_cat-kampanien","9":"product_cat-trocken","10":"product_cat-weine","11":"product_cat-weisswein","12":"product_tag-greco","13":"product_tag-kampanien","14":"product_tag-nugnes","15":"product_tag-trocken","16":"product_tag-weisswein","18":"first","19":"outofstock","20":"sale","21":"taxable","22":"shipping-taxable","23":"purchasable","24":"product-type-simple"},"_links":{"self":[{"href":"https:\/\/www.mercatone-kassel.de\/shop\/wp-json\/wp\/v2\/product\/18166","targetHints":{"allow":["GET"]}}],"collection":[{"href":"https:\/\/www.mercatone-kassel.de\/shop\/wp-json\/wp\/v2\/product"}],"about":[{"href":"https:\/\/www.mercatone-kassel.de\/shop\/wp-json\/wp\/v2\/types\/product"}],"replies":[{"embeddable":true,"href":"https:\/\/www.mercatone-kassel.de\/shop\/wp-json\/wp\/v2\/comments?post=18166"}],"wp:featuredmedia":[{"embeddable":true,"href":"https:\/\/www.mercatone-kassel.de\/shop\/wp-json\/wp\/v2\/media\/18169"}],"wp:attachment":[{"href":"https:\/\/www.mercatone-kassel.de\/shop\/wp-json\/wp\/v2\/media?parent=18166"}],"wp:term":[{"taxonomy":"product_brand","embeddable":true,"href":"https:\/\/www.mercatone-kassel.de\/shop\/wp-json\/wp\/v2\/product_brand?post=18166"},{"taxonomy":"product_cat","embeddable":true,"href":"https:\/\/www.mercatone-kassel.de\/shop\/wp-json\/wp\/v2\/product_cat?post=18166"},{"taxonomy":"product_tag","embeddable":true,"href":"https:\/\/www.mercatone-kassel.de\/shop\/wp-json\/wp\/v2\/product_tag?post=18166"}],"curies":[{"name":"wp","href":"https:\/\/api.w.org\/{rel}","templated":true}]}}