{"id":19576,"date":"2026-02-04T15:15:59","date_gmt":"2026-02-04T14:15:59","guid":{"rendered":"https:\/\/www.mercatone-kassel.de\/shop\/?post_type=product&#038;p=19576"},"modified":"2026-02-16T10:52:54","modified_gmt":"2026-02-16T09:52:54","slug":"rebula-ribolla-gialla-anteprima-2022-sylmann-by-jermann","status":"publish","type":"product","link":"https:\/\/www.mercatone-kassel.de\/shop\/shop\/weine\/italien\/friaul_julisch_venetien\/rebula-ribolla-gialla-anteprima-2022-sylmann-by-jermann\/","title":{"rendered":"Rebula Ribolla Gialla &#8222;Anteprima&#8220; 2022 &#8211; Sylmann by Jermann"},"content":{"rendered":"<p>Wenn <strong>Silvio Jermann<\/strong>, einer der renommiertesten Weinmacher Italiens, einen neuen Wein erschafft, darf man Gro\u00dfes erwarten.<\/p>\n<p>&nbsp;<\/p>\n<p>In seiner exklusiven, von ihm gegr\u00fcndeten Kellerei <strong>SYLVMANN<\/strong> in Slowenien entsteht der au\u00dfergew\u00f6hnliche <strong>REBULA<\/strong> \u2013 ein Wein, der Urspr\u00fcnglichkeit und Handwerkskunst in sich vereint.<\/p>\n<p>&nbsp;<\/p>\n<p>Nach einem traditionellen Verfahren vergoren, reift der Rebula in <strong>Ton-Amphoren<\/strong>, die dem Wein seine besondere Struktur und Tiefe verleihen. Anschlie\u00dfend wird er <strong>ungefiltert abgef\u00fcllt<\/strong>, um seinen nat\u00fcrlichen Charakter vollst\u00e4ndig zu bewahren.<\/p>\n<p>&nbsp;<\/p>\n<p>Ein unverf\u00e4lschter, authentischer Genuss \u2013 <strong>ein Muss f\u00fcr jeden echten Weinliebhaber<\/strong>.<\/p>\n","protected":false},"excerpt":{"rendered":"<p>Wenn Silvio Jermann, einer der renommiertesten Weinmacher Italiens, einen neuen Wein erschafft, darf man Gro\u00dfes erwarten. &nbsp; In seiner exklusiven, von ihm gegr\u00fcndeten Kellerei SYLVMANN in Slowenien entsteht der au\u00dfergew\u00f6hnliche REBULA \u2013 ein Wein, der Urspr\u00fcnglichkeit und Handwerkskunst in sich vereint. &nbsp; Nach einem traditionellen Verfahren vergoren, reift der Rebula in Ton-Amphoren, die dem Wein [&hellip;]<\/p>\n","protected":false},"featured_media":19662,"comment_status":"open","ping_status":"closed","template":"","meta":[],"product_brand":[],"product_cat":[112,1663,890],"product_tag":[1955,387,388,1954,389],"class_list":{"0":"post-19576","1":"product","2":"type-product","3":"status-publish","4":"has-post-thumbnail","6":"product_cat-friaul_julisch_venetien","7":"product_cat-neu-2","8":"product_cat-weine","9":"product_tag-anteprima","10":"product_tag-friaul-julisch-venetien","11":"product_tag-jermann","12":"product_tag-rebula","13":"product_tag-ribolla-gialla","15":"first","16":"instock","17":"taxable","18":"shipping-taxable","19":"purchasable","20":"product-type-simple"},"_links":{"self":[{"href":"https:\/\/www.mercatone-kassel.de\/shop\/wp-json\/wp\/v2\/product\/19576","targetHints":{"allow":["GET"]}}],"collection":[{"href":"https:\/\/www.mercatone-kassel.de\/shop\/wp-json\/wp\/v2\/product"}],"about":[{"href":"https:\/\/www.mercatone-kassel.de\/shop\/wp-json\/wp\/v2\/types\/product"}],"replies":[{"embeddable":true,"href":"https:\/\/www.mercatone-kassel.de\/shop\/wp-json\/wp\/v2\/comments?post=19576"}],"wp:featuredmedia":[{"embeddable":true,"href":"https:\/\/www.mercatone-kassel.de\/shop\/wp-json\/wp\/v2\/media\/19662"}],"wp:attachment":[{"href":"https:\/\/www.mercatone-kassel.de\/shop\/wp-json\/wp\/v2\/media?parent=19576"}],"wp:term":[{"taxonomy":"product_brand","embeddable":true,"href":"https:\/\/www.mercatone-kassel.de\/shop\/wp-json\/wp\/v2\/product_brand?post=19576"},{"taxonomy":"product_cat","embeddable":true,"href":"https:\/\/www.mercatone-kassel.de\/shop\/wp-json\/wp\/v2\/product_cat?post=19576"},{"taxonomy":"product_tag","embeddable":true,"href":"https:\/\/www.mercatone-kassel.de\/shop\/wp-json\/wp\/v2\/product_tag?post=19576"}],"curies":[{"name":"wp","href":"https:\/\/api.w.org\/{rel}","templated":true}]}}