{"id":19983,"date":"2026-03-13T14:41:14","date_gmt":"2026-03-13T13:41:14","guid":{"rendered":"https:\/\/www.mercatone-kassel.de\/shop\/?post_type=product&#038;p=19983"},"modified":"2026-03-23T10:12:19","modified_gmt":"2026-03-23T09:12:19","slug":"olio-extravergine-doliva-deluxe-bianco-dop","status":"publish","type":"product","link":"https:\/\/www.mercatone-kassel.de\/shop\/shop\/weine\/neu\/olio-extravergine-doliva-deluxe-bianco-dop\/","title":{"rendered":"Olio Extravergine d\u2019Oliva DELUXE Bianco DOP 100% Molise 500 ml &#8211; Olearia Ortuso"},"content":{"rendered":"<p style=\"text-align: left;\">BESCHREIBUNG: Hergestellt aus Oliven der Sorten \u201eGentile di Larino\u201c und \u201ePeranzana\u201c aus der Region Molise.<\/p>\n<p>&nbsp;<\/p>\n<p style=\"text-align: left;\">GESCHMACK: Intensiv fruchtig, gr\u00fcn. In der Nase sind Noten von frischem Gras und gr\u00fcnen Tomaten wahrnehmbar.<\/p>\n<p>&nbsp;<\/p>\n<p style=\"text-align: left;\">HALTBARKEIT: 18 Monate ab Abf\u00fcllung<\/p>\n<p>&nbsp;<\/p>\n<p style=\"text-align: left;\">LAGERUNG:<br \/>\nAn einem k\u00fchlen, trockenen Ort, gesch\u00fctzt vor W\u00e4rme- und Lichtquellen, aufbewahren. Bei einer Temperatur von ca. 14 \u00b0C in der Originalflasche lagern.<\/p>\n<p>&nbsp;<\/p>\n<p style=\"text-align: left;\">N\u00c4HRWERTE (Durchschnittswerte) pro 100 ml<br \/>\nEnergie 3389 kJ &#8211; 824 kcal<br \/>\nFett 91,6 g<br \/>\ndavon ges\u00e4ttigte Fetts\u00e4uren 14,1 g<br \/>\ndavon einfach unges\u00e4ttigte Fetts\u00e4uren 68,3 g<br \/>\ndavon mehrfach unges\u00e4ttigte Fetts\u00e4uren 9,2 g<br \/>\nCholesterin 0 g<br \/>\nKohlenhydrate 0 g<br \/>\ndavon Zucker 0 g<br \/>\nBallaststoffe 0 g<br \/>\nSalz 0 g<br \/>\nVitamin E 17,0 mg<\/p>\n<p>&nbsp;<\/p>\n<p style=\"text-align: left;\">Oliven\u00f6l der h\u00f6chsten Kategorie, das ausschlie\u00dflich durch mechanische Verfahren direkt aus Oliven gewonnen wird.<\/p>\n<p>&nbsp;<\/p>\n<p style=\"text-align: left;\">Chemisch-physikalische Eigenschaften innerhalb der gesetzlichen Grenzwerte<br \/>\nS\u00e4uregehalt (%) \u2264 0,8<br \/>\nPeroxide (mEq O\u2082\/kg) \u2264 20<br \/>\nEthylester (mg\/kg) \u2264 35<br \/>\nUV-Absorption K232 \u2264 2,50<br \/>\nUV-Absorption K70 \u2264 0,22<br \/>\nUV-Absorption \u0394K \u2264 0,01<br \/>\nWachse (mg\/kg) \u2264 150<\/p>\n","protected":false},"excerpt":{"rendered":"<p>BESCHREIBUNG: Hergestellt aus Oliven der Sorten \u201eGentile di Larino\u201c und \u201ePeranzana\u201c aus der Region Molise. &nbsp; GESCHMACK: Intensiv fruchtig, gr\u00fcn. In der Nase sind Noten von frischem Gras und gr\u00fcnen Tomaten wahrnehmbar. &nbsp; HALTBARKEIT: 18 Monate ab Abf\u00fcllung &nbsp; LAGERUNG: An einem k\u00fchlen, trockenen Ort, gesch\u00fctzt vor W\u00e4rme- und Lichtquellen, aufbewahren. Bei einer Temperatur von [&hellip;]<\/p>\n","protected":false},"featured_media":19989,"comment_status":"open","ping_status":"closed","template":"","meta":[],"product_brand":[],"product_cat":[526,116,1663,1662,1033],"product_tag":[1009,1040,1050,1041],"class_list":{"0":"post-19983","1":"product","2":"type-product","3":"status-publish","4":"has-post-thumbnail","6":"product_cat-feinkost","7":"product_cat-molise","8":"product_cat-neu-2","9":"product_cat-neu","10":"product_cat-oel-essig","11":"product_tag-molise","12":"product_tag-olio_extra_vergine_doliva","13":"product_tag-olivenoel","14":"product_tag-ortuso","16":"first","17":"instock","18":"taxable","19":"shipping-taxable","20":"purchasable","21":"product-type-simple"},"_links":{"self":[{"href":"https:\/\/www.mercatone-kassel.de\/shop\/wp-json\/wp\/v2\/product\/19983","targetHints":{"allow":["GET"]}}],"collection":[{"href":"https:\/\/www.mercatone-kassel.de\/shop\/wp-json\/wp\/v2\/product"}],"about":[{"href":"https:\/\/www.mercatone-kassel.de\/shop\/wp-json\/wp\/v2\/types\/product"}],"replies":[{"embeddable":true,"href":"https:\/\/www.mercatone-kassel.de\/shop\/wp-json\/wp\/v2\/comments?post=19983"}],"wp:featuredmedia":[{"embeddable":true,"href":"https:\/\/www.mercatone-kassel.de\/shop\/wp-json\/wp\/v2\/media\/19989"}],"wp:attachment":[{"href":"https:\/\/www.mercatone-kassel.de\/shop\/wp-json\/wp\/v2\/media?parent=19983"}],"wp:term":[{"taxonomy":"product_brand","embeddable":true,"href":"https:\/\/www.mercatone-kassel.de\/shop\/wp-json\/wp\/v2\/product_brand?post=19983"},{"taxonomy":"product_cat","embeddable":true,"href":"https:\/\/www.mercatone-kassel.de\/shop\/wp-json\/wp\/v2\/product_cat?post=19983"},{"taxonomy":"product_tag","embeddable":true,"href":"https:\/\/www.mercatone-kassel.de\/shop\/wp-json\/wp\/v2\/product_tag?post=19983"}],"curies":[{"name":"wp","href":"https:\/\/api.w.org\/{rel}","templated":true}]}}