{"id":4776,"date":"2020-03-10T15:13:18","date_gmt":"2020-03-10T14:13:18","guid":{"rendered":"https:\/\/www.mercatone-kassel.de\/shop\/?post_type=product&#038;p=4776"},"modified":"2026-03-19T13:20:18","modified_gmt":"2026-03-19T12:20:18","slug":"naumakos-carminucci","status":"publish","type":"product","link":"https:\/\/www.mercatone-kassel.de\/shop\/shop\/weine\/rotwein\/naumakos-carminucci\/","title":{"rendered":"Rosso Piceno Doc Superiore 2020 Naumakos &#8211; Carminucci"},"content":{"rendered":"<p>Das Weingut Carminucci besteht seit 1928 und wird heute von Giovanni Carminucci geleitet. Es liegt in der kleinen Ortschaft Grottammare in den Marken, einem Weingebiet in Mittelitalien an der Adriak\u00fcste. Hier produziert die Familie erstklassige rote und wei\u00dfe Weine mit den DOCs Rosso Piceno, Offida Pecorino und vielen mehr. Es herrschen \u00e4hnliche klimatische Bedingungen wie in der Toskana. Die B\u00f6den, auf welchen die Reben stehen, sind sehr tonhaltig, was komplexe Weine mit kr\u00e4ftiger Frucht und satter Struktur hervorbringt.<\/p>\n<p>&nbsp;<\/p>\n<p>Der Rotwein Naumakos Rosso Piceno DOC Superiore 2016 entsteht aus den Rebsorten Sangiovese und Montepulciano. Das Piceno Superiore DOC-Gebiet befindet sich im s\u00fcdlichen Teil der Marken und ist bestens geeignet f\u00fcr den Weinbau. Die konsequente Ausrichtung der Weinberge Richtung S\u00fcden und der tonhaltige Boden bilden optimale Voraussetzungen f\u00fcr komplexe Weine mit kr\u00e4ftiger Frucht und satter Struktur.<\/p>\n<p>&nbsp;<\/p>\n<p>Giovanni Carminucci, der das 30 Hektar gro\u00dfe Familienweingut heute in dritter Generation leitet, lie\u00df den Wein 12 Monate lang in 400 l-gro\u00dfen Holzf\u00e4ssern reifen. So kombiniert der trockene Rotwein nun Fruchtigkeit und Holzw\u00fcrze perfekt miteinander. Er ist von einer funkelnden, dunkelroten Farbe und man entdeckt in der Nase zun\u00e4chst viel Kirschfrucht, dazu etwas Pflaume. L\u00e4sst man den Wein ein wenig stehen, wird der s\u00fc\u00dfliche Kirschduft noch intensiver. Am Gaumen dann pr\u00e4sentiert er sich als ein voller und kr\u00e4ftiger Wein. Der Naumakos 2016 vom Weingut Carminucci passt sehr gut zu kr\u00e4ftigem, gegrilltem Fleisch.<\/p>\n","protected":false},"excerpt":{"rendered":"<p>Das Weingut Carminucci besteht seit 1928 und wird heute von Giovanni Carminucci geleitet. Es liegt in der kleinen Ortschaft Grottammare in den Marken, einem Weingebiet in Mittelitalien an der Adriak\u00fcste. Hier produziert die Familie erstklassige rote und wei\u00dfe Weine mit den DOCs Rosso Piceno, Offida Pecorino und vielen mehr. Es herrschen \u00e4hnliche klimatische Bedingungen wie [&hellip;]<\/p>\n","protected":false},"featured_media":5108,"comment_status":"open","ping_status":"closed","template":"","meta":[],"product_brand":[],"product_cat":[91,111,59,99],"product_tag":[188,197,86,142],"class_list":{"0":"post-4776","1":"product","2":"type-product","3":"status-publish","4":"has-post-thumbnail","6":"product_cat-italien","7":"product_cat-marken","8":"product_cat-rotwein","9":"product_cat-trocken","10":"product_tag-carminucci","11":"product_tag-rosso_piceno","12":"product_tag-rotwein","13":"product_tag-trocken","15":"first","16":"outofstock","17":"taxable","18":"shipping-taxable","19":"purchasable","20":"product-type-simple"},"_links":{"self":[{"href":"https:\/\/www.mercatone-kassel.de\/shop\/wp-json\/wp\/v2\/product\/4776","targetHints":{"allow":["GET"]}}],"collection":[{"href":"https:\/\/www.mercatone-kassel.de\/shop\/wp-json\/wp\/v2\/product"}],"about":[{"href":"https:\/\/www.mercatone-kassel.de\/shop\/wp-json\/wp\/v2\/types\/product"}],"replies":[{"embeddable":true,"href":"https:\/\/www.mercatone-kassel.de\/shop\/wp-json\/wp\/v2\/comments?post=4776"}],"wp:featuredmedia":[{"embeddable":true,"href":"https:\/\/www.mercatone-kassel.de\/shop\/wp-json\/wp\/v2\/media\/5108"}],"wp:attachment":[{"href":"https:\/\/www.mercatone-kassel.de\/shop\/wp-json\/wp\/v2\/media?parent=4776"}],"wp:term":[{"taxonomy":"product_brand","embeddable":true,"href":"https:\/\/www.mercatone-kassel.de\/shop\/wp-json\/wp\/v2\/product_brand?post=4776"},{"taxonomy":"product_cat","embeddable":true,"href":"https:\/\/www.mercatone-kassel.de\/shop\/wp-json\/wp\/v2\/product_cat?post=4776"},{"taxonomy":"product_tag","embeddable":true,"href":"https:\/\/www.mercatone-kassel.de\/shop\/wp-json\/wp\/v2\/product_tag?post=4776"}],"curies":[{"name":"wp","href":"https:\/\/api.w.org\/{rel}","templated":true}]}}