{"id":4803,"date":"2020-04-15T11:06:30","date_gmt":"2020-04-15T09:06:30","guid":{"rendered":"https:\/\/www.mercatone-kassel.de\/shop\/?post_type=product&#038;p=4803"},"modified":"2026-03-24T12:45:49","modified_gmt":"2026-03-24T11:45:49","slug":"cannonau-di-sardegna-doc-2017-riserva-senes-argiolas","status":"publish","type":"product","link":"https:\/\/www.mercatone-kassel.de\/shop\/shop\/weine\/rotwein\/cannonau-di-sardegna-doc-2017-riserva-senes-argiolas\/","title":{"rendered":"Cannonau di Sardegna Doc 2020 Riserva Senes &#8211; Argiolas"},"content":{"rendered":"<p>Der Argiolas Senes Cannonau di Sardegna Riserva, dessen Name an die erwiesene Langlebigkeit der Sarden erinnert &#8211; der Gr\u00fcnder des Weinguts Antonio Argiolas wurde 102 Jahre alt &#8211; erweist sich als eine herrliche Entdeckung. Es ist eine Cuv\u00e9e aus der heimischen Cannonau-Traube (90%) sowie kleinen Anteilen von Carignano und Bovale, die ein volles Jahr in Barriquef\u00e4ssern aus franz\u00f6sischer Eiche und zur Verfeinerung ein weiteres auf der Flasche reift. Diese lange Reifephase verleiht dem Wein eine tolle Balance aus Opulenz und Eleganz, laut dem italieniscchen Weinf\u00fchrer Gambero Rosso &#8222;ein gro\u00dfer mediterraner Rotwein&#8220;.<\/p>\n<p>&nbsp;<\/p>\n<p>Der Argiolas Senes Cannonau di Sardegna Riserva zeigt sich in einem tiefdunklen Purpur mit granatroten Reflexen. Der Nase bietet er ein feines Bouquet nach Waldfr\u00fcchten, Gew\u00fcrzen, Tabak und mediterranen Kr\u00e4utern. Am Gaumen hat der Wein eine wunderbar ausgeglichene Struktur, ist vollmundig, samtig-weich mit runden, reifen Tanninen, getragen von einem guten S\u00e4ureger\u00fcst im Hintergrund. Die anhaltende Geschmacksnote im gesamten Finale unterstreicht die hohe Qualit\u00e4t dieses tollen Weines. Die Geschmeidigkeit und W\u00e4rme des Argiolas Senes machen den Wein zu einem idealen Begleiter zu herzhaften Speisen wie Eint\u00f6pfen und geschmorten oder gebratenen Fleischgerichten.<\/p>\n","protected":false},"excerpt":{"rendered":"<p>Der Argiolas Senes Cannonau di Sardegna Riserva, dessen Name an die erwiesene Langlebigkeit der Sarden erinnert &#8211; der Gr\u00fcnder des Weinguts Antonio Argiolas wurde 102 Jahre alt &#8211; erweist sich als eine herrliche Entdeckung. Es ist eine Cuv\u00e9e aus der heimischen Cannonau-Traube (90%) sowie kleinen Anteilen von Carignano und Bovale, die ein volles Jahr in [&hellip;]<\/p>\n","protected":false},"featured_media":5065,"comment_status":"open","ping_status":"closed","template":"","meta":[],"product_brand":[],"product_cat":[91,59,109,99],"product_tag":[268,273,86,267,142],"class_list":{"0":"post-4803","1":"product","2":"type-product","3":"status-publish","4":"has-post-thumbnail","6":"product_cat-italien","7":"product_cat-rotwein","8":"product_cat-sardinien","9":"product_cat-trocken","10":"product_tag-argiolas","11":"product_tag-cannonau","12":"product_tag-rotwein","13":"product_tag-sardinien","14":"product_tag-trocken","16":"first","17":"instock","18":"taxable","19":"shipping-taxable","20":"purchasable","21":"product-type-simple"},"_links":{"self":[{"href":"https:\/\/www.mercatone-kassel.de\/shop\/wp-json\/wp\/v2\/product\/4803","targetHints":{"allow":["GET"]}}],"collection":[{"href":"https:\/\/www.mercatone-kassel.de\/shop\/wp-json\/wp\/v2\/product"}],"about":[{"href":"https:\/\/www.mercatone-kassel.de\/shop\/wp-json\/wp\/v2\/types\/product"}],"replies":[{"embeddable":true,"href":"https:\/\/www.mercatone-kassel.de\/shop\/wp-json\/wp\/v2\/comments?post=4803"}],"wp:featuredmedia":[{"embeddable":true,"href":"https:\/\/www.mercatone-kassel.de\/shop\/wp-json\/wp\/v2\/media\/5065"}],"wp:attachment":[{"href":"https:\/\/www.mercatone-kassel.de\/shop\/wp-json\/wp\/v2\/media?parent=4803"}],"wp:term":[{"taxonomy":"product_brand","embeddable":true,"href":"https:\/\/www.mercatone-kassel.de\/shop\/wp-json\/wp\/v2\/product_brand?post=4803"},{"taxonomy":"product_cat","embeddable":true,"href":"https:\/\/www.mercatone-kassel.de\/shop\/wp-json\/wp\/v2\/product_cat?post=4803"},{"taxonomy":"product_tag","embeddable":true,"href":"https:\/\/www.mercatone-kassel.de\/shop\/wp-json\/wp\/v2\/product_tag?post=4803"}],"curies":[{"name":"wp","href":"https:\/\/api.w.org\/{rel}","templated":true}]}}