{"id":4815,"date":"2020-04-16T13:44:00","date_gmt":"2020-04-16T11:44:00","guid":{"rendered":"https:\/\/www.mercatone-kassel.de\/shop\/?post_type=product&#038;p=4815"},"modified":"2026-02-12T14:00:33","modified_gmt":"2026-02-12T13:00:33","slug":"salice-salentino-doc-2016-riserva-menhir-salento","status":"publish","type":"product","link":"https:\/\/www.mercatone-kassel.de\/shop\/shop\/weine\/rotwein\/salice-salentino-doc-2016-riserva-menhir-salento\/","title":{"rendered":"Salice Salentino Doc 2020 Riserva &#8211; Menhir Salento"},"content":{"rendered":"<p>Cantine Menhir ist ein noch sehr junges Weingut. Erst 2005 wurde es von Gaetano Marangelli gegr\u00fcndet und hat in bemerkenswert kurzer Zeit eine internationale Erfolgsgeschichte geschrieben. Cantine Menhir gilt bereits heute als eines der Vorzeige-Weing\u00fcter Apuliens in Italien.<br \/>\nAuf 30 Hektar werden in der fruchtbaren K\u00fcstenregion von Laghi Alimini Rebsorten angebaut. Dazu z\u00e4hlen mehr als 80 Jahre alte Primitivo-Reben.<\/p>\n<p>&nbsp;<\/p>\n<p>Das Weingut versteht es, die Vorz\u00fcge und die Besonderheiten des s\u00fcditalienischen Weinbaus in seinen Kreationen zu transportieren. Der Weinkeller befindet sich in einem antiken Geb\u00e4ude aus dem 18. Jahrhundert. Im oberen Geschoss sind B\u00fcros untergebracht und im unteren Geschoss die Osteria \u201eOrigano \u2013 Osteria &amp; Store\u201c, wo apulische Spezialit\u00e4ten mit ausschlie\u00dflich nat\u00fcrlichen Zutaten vorbereitet und serviert werden.<\/p>\n<p>&nbsp;<\/p>\n<p>Unter der Mitarbeit des Weinexperten Vincenzo Laera haben die Weine von Cantine Menhir mehrfach Qualit\u00e4tssiegel erhalten. Cantine Menhir hat sich zum Ziel gesetzt, die besonderen Charakteristiken des Weines aus Apulien zu erhalten.<\/p>\n<p>&nbsp;<\/p>\n<p>Cantine Menhir Salice Salentino ist ein Blend aus 80% Negroamaro und 20% Malvasia. Der zum Teil im Eichenfass ausgebaute Wein bietet in der Nase verf\u00fchrerische Aromen von Blaubeeren, Schokolade, schwarzen Kirschen, Hibiskus und Salbei. Am Gaumen weich und voll, auch mit Noten von Zimt und Kaffee.<\/p>\n<p>&nbsp;<\/p>\n<p>Ein herrlich ausgewogener Wein, der sich ideal als Begleiter zu Pasta-Gerichten, Wild oder Pecorino eignet.<\/p>\n","protected":false},"excerpt":{"rendered":"<p>Cantine Menhir ist ein noch sehr junges Weingut. Erst 2005 wurde es von Gaetano Marangelli gegr\u00fcndet und hat in bemerkenswert kurzer Zeit eine internationale Erfolgsgeschichte geschrieben. Cantine Menhir gilt bereits heute als eines der Vorzeige-Weing\u00fcter Apuliens in Italien. Auf 30 Hektar werden in der fruchtbaren K\u00fcstenregion von Laghi Alimini Rebsorten angebaut. Dazu z\u00e4hlen mehr als [&hellip;]<\/p>\n","protected":false},"featured_media":5039,"comment_status":"open","ping_status":"closed","template":"","meta":[],"product_brand":[],"product_cat":[106,91,59,99],"product_tag":[236,296,244,86,817,815,816,142],"class_list":{"0":"post-4815","1":"product","2":"type-product","3":"status-publish","4":"has-post-thumbnail","6":"product_cat-apulien","7":"product_cat-italien","8":"product_cat-rotwein","9":"product_cat-trocken","10":"product_tag-apulien","11":"product_tag-menhir","12":"product_tag-negroamaro","13":"product_tag-rotwein","14":"product_tag-salentino","15":"product_tag-salento","16":"product_tag-salice","17":"product_tag-trocken","19":"first","20":"outofstock","21":"taxable","22":"shipping-taxable","23":"purchasable","24":"product-type-simple"},"_links":{"self":[{"href":"https:\/\/www.mercatone-kassel.de\/shop\/wp-json\/wp\/v2\/product\/4815","targetHints":{"allow":["GET"]}}],"collection":[{"href":"https:\/\/www.mercatone-kassel.de\/shop\/wp-json\/wp\/v2\/product"}],"about":[{"href":"https:\/\/www.mercatone-kassel.de\/shop\/wp-json\/wp\/v2\/types\/product"}],"replies":[{"embeddable":true,"href":"https:\/\/www.mercatone-kassel.de\/shop\/wp-json\/wp\/v2\/comments?post=4815"}],"wp:featuredmedia":[{"embeddable":true,"href":"https:\/\/www.mercatone-kassel.de\/shop\/wp-json\/wp\/v2\/media\/5039"}],"wp:attachment":[{"href":"https:\/\/www.mercatone-kassel.de\/shop\/wp-json\/wp\/v2\/media?parent=4815"}],"wp:term":[{"taxonomy":"product_brand","embeddable":true,"href":"https:\/\/www.mercatone-kassel.de\/shop\/wp-json\/wp\/v2\/product_brand?post=4815"},{"taxonomy":"product_cat","embeddable":true,"href":"https:\/\/www.mercatone-kassel.de\/shop\/wp-json\/wp\/v2\/product_cat?post=4815"},{"taxonomy":"product_tag","embeddable":true,"href":"https:\/\/www.mercatone-kassel.de\/shop\/wp-json\/wp\/v2\/product_tag?post=4815"}],"curies":[{"name":"wp","href":"https:\/\/api.w.org\/{rel}","templated":true}]}}