{"id":4816,"date":"2020-04-08T09:32:53","date_gmt":"2020-04-08T07:32:53","guid":{"rendered":"https:\/\/www.mercatone-kassel.de\/shop\/?post_type=product&#038;p=4816"},"modified":"2026-04-23T11:22:14","modified_gmt":"2026-04-23T09:22:14","slug":"calamuri-menhir-salento","status":"publish","type":"product","link":"https:\/\/www.mercatone-kassel.de\/shop\/shop\/weine\/rotwein\/calamuri-menhir-salento\/","title":{"rendered":"Primitivo Igt Salento 2022 Calamuri &#8211; Menhir Salento"},"content":{"rendered":"<p>Cantine Menhir ist ein noch sehr junges Weingut. Erst 2005 wurde es von Gaetano Marangelli gegr\u00fcndet und hat in bemerkenswert kurzer Zeit eine internationale Erfolgsgeschichte geschrieben. Cantine Menhir gilt bereits heute als eines der Vorzeige-Weing\u00fcter Apuliens in Italien.<br \/>\nAuf 30 Hektar werden in der fruchtbaren K\u00fcstenregion von Laghi Alimini Rebsorten angebaut. Dazu z\u00e4hlen mehr als 80 Jahre alte Primitivo-Reben.<\/p>\n<p>&nbsp;<\/p>\n<p>Das Weingut versteht es, die Vorz\u00fcge und die Besonderheiten des s\u00fcditalienischen Weinbaus in seinen Kreationen zu transportieren. Der Weinkeller befindet sich in einem antiken Geb\u00e4ude aus dem 18. Jahrhundert. Im oberen Geschoss sind B\u00fcros untergebracht und im unteren Geschoss die Osteria \u201eOrigano \u2013 Osteria &amp; Store\u201c, wo apulische Spezialit\u00e4ten mit ausschlie\u00dflich nat\u00fcrlichen Zutaten vorbereitet und serviert werden.<\/p>\n<p>&nbsp;<\/p>\n<p>Unter der Mitarbeit des Weinexperten Vincenzo Laera haben die Weine von Cantine Menhir mehrfach Qualit\u00e4tssiegel erhalten. Cantine Menhir hat sich zum Ziel gesetzt, die besonderen Charakteristiken des Weines aus Apulien zu erhalten.<\/p>\n<p>&nbsp;<\/p>\n<p>Dieser reinsortige Primitivo hat ein feines Bukett mit Aromen von Brombeer- und Waldfruchtmarmelade. Dazu kommt eine sch\u00f6ne W\u00fcrze. Am Gaumen kraftvoll, mit vollem K\u00f6rper und warm.<\/p>\n<p>Der rubinrote Wein der Cantine Menhir reifte zur Verfeinerung 12 Monate im Eichenfass. Genie\u00dfen Sie den Cantine Menhir Calamuri Salento IGP aus Apulien zu Pappardelle-Nudeln mit Ragout vom Wildschwein, T-Bone- und Rib-Eye-Steak oder zu Edelschimmelk\u00e4se.<\/p>\n","protected":false},"excerpt":{"rendered":"<p>Cantine Menhir ist ein noch sehr junges Weingut. Erst 2005 wurde es von Gaetano Marangelli gegr\u00fcndet und hat in bemerkenswert kurzer Zeit eine internationale Erfolgsgeschichte geschrieben. Cantine Menhir gilt bereits heute als eines der Vorzeige-Weing\u00fcter Apuliens in Italien. Auf 30 Hektar werden in der fruchtbaren K\u00fcstenregion von Laghi Alimini Rebsorten angebaut. Dazu z\u00e4hlen mehr als [&hellip;]<\/p>\n","protected":false},"featured_media":5018,"comment_status":"open","ping_status":"closed","template":"","meta":[],"product_brand":[],"product_cat":[106,403,91,59],"product_tag":[236,305,296,241,86,815],"class_list":{"0":"post-4816","1":"product","2":"type-product","3":"status-publish","4":"has-post-thumbnail","6":"product_cat-apulien","7":"product_cat-halbtrocken","8":"product_cat-italien","9":"product_cat-rotwein","10":"product_tag-apulien","11":"product_tag-halbtrocken","12":"product_tag-menhir","13":"product_tag-primitivo","14":"product_tag-rotwein","15":"product_tag-salento","17":"first","18":"instock","19":"taxable","20":"shipping-taxable","21":"purchasable","22":"product-type-simple"},"_links":{"self":[{"href":"https:\/\/www.mercatone-kassel.de\/shop\/wp-json\/wp\/v2\/product\/4816","targetHints":{"allow":["GET"]}}],"collection":[{"href":"https:\/\/www.mercatone-kassel.de\/shop\/wp-json\/wp\/v2\/product"}],"about":[{"href":"https:\/\/www.mercatone-kassel.de\/shop\/wp-json\/wp\/v2\/types\/product"}],"replies":[{"embeddable":true,"href":"https:\/\/www.mercatone-kassel.de\/shop\/wp-json\/wp\/v2\/comments?post=4816"}],"wp:featuredmedia":[{"embeddable":true,"href":"https:\/\/www.mercatone-kassel.de\/shop\/wp-json\/wp\/v2\/media\/5018"}],"wp:attachment":[{"href":"https:\/\/www.mercatone-kassel.de\/shop\/wp-json\/wp\/v2\/media?parent=4816"}],"wp:term":[{"taxonomy":"product_brand","embeddable":true,"href":"https:\/\/www.mercatone-kassel.de\/shop\/wp-json\/wp\/v2\/product_brand?post=4816"},{"taxonomy":"product_cat","embeddable":true,"href":"https:\/\/www.mercatone-kassel.de\/shop\/wp-json\/wp\/v2\/product_cat?post=4816"},{"taxonomy":"product_tag","embeddable":true,"href":"https:\/\/www.mercatone-kassel.de\/shop\/wp-json\/wp\/v2\/product_tag?post=4816"}],"curies":[{"name":"wp","href":"https:\/\/api.w.org\/{rel}","templated":true}]}}