{"id":4838,"date":"2020-04-16T14:45:26","date_gmt":"2020-04-16T12:45:26","guid":{"rendered":"https:\/\/www.mercatone-kassel.de\/shop\/?post_type=product&#038;p=4838"},"modified":"2025-10-03T20:49:19","modified_gmt":"2025-10-03T18:49:19","slug":"ciro-rosso-classico-doc-2017-librandi","status":"publish","type":"product","link":"https:\/\/www.mercatone-kassel.de\/shop\/shop\/weine\/rotwein\/ciro-rosso-classico-doc-2017-librandi\/","title":{"rendered":"Cir\u00f2 Rosso Classico Doc 2022  &#8211; Librandi"},"content":{"rendered":"<p>Der Ciro Rosso Classico DOC von Librandi pr\u00e4sentiert sich in kr\u00e4ftig leuchtendem Granatrot mit orangefarbenen Reflexen.<\/p>\n<p>In der Nase dieses Weines aus Italien vermischen sich im harmonischem Bouquet Noten von Brombeeren, Johannisbeeren und Pflaumen unterst\u00fctzt von subtilen Gew\u00fcrznuancen.<\/p>\n<p>Am Gaumen wirkt der Ciro Rosso von Librandi f\u00fcllig, trinkfreudig und ausgewogen mit ansprechender Struktur und moderatem K\u00f6rper. Ein Klassiker f\u00fcr alle Tage.<\/p>\n<p>&nbsp;<\/p>\n<p>&nbsp;<\/p>\n<p>Kurzinfo zu Wein und Weingut:<\/p>\n<p>&nbsp;<\/p>\n<p>Noten von Brombeeren, Johannisbeeren und Pflaumen sowie Gew\u00fcrznuancen<br \/>\nReinsortiger Rotwein aus 100% Gaglioppo Trauben<br \/>\nAusbau im gro\u00dfen Holzfass<br \/>\nBestseller der Kellerei Librandi<\/p>\n<p>&nbsp;<\/p>\n<p>&nbsp;<\/p>\n<p>Trinkempfehlung:<\/p>\n<p>&nbsp;<\/p>\n<p>Der Ciro Rosso Classico vom Weingut Librandi aus Italien passt sehr gut zu typischen Gerichten der mediterranen K\u00fcche. Antipasti, Pasta, Pizza, dunkles Fleisch oder Wild sind die perfekten Partner f\u00fcr diesen s\u00fcffigen und dennoch charaktervollen Wein.<\/p>\n","protected":false},"excerpt":{"rendered":"<p>Der Ciro Rosso Classico DOC von Librandi pr\u00e4sentiert sich in kr\u00e4ftig leuchtendem Granatrot mit orangefarbenen Reflexen. In der Nase dieses Weines aus Italien vermischen sich im harmonischem Bouquet Noten von Brombeeren, Johannisbeeren und Pflaumen unterst\u00fctzt von subtilen Gew\u00fcrznuancen. Am Gaumen wirkt der Ciro Rosso von Librandi f\u00fcllig, trinkfreudig und ausgewogen mit ansprechender Struktur und moderatem [&hellip;]<\/p>\n","protected":false},"featured_media":7776,"comment_status":"open","ping_status":"closed","template":"","meta":[],"product_brand":[],"product_cat":[91,108,59,99],"product_tag":[341,331,332,86,142],"class_list":{"0":"post-4838","1":"product","2":"type-product","3":"status-publish","4":"has-post-thumbnail","6":"product_cat-italien","7":"product_cat-kalabrien","8":"product_cat-rotwein","9":"product_cat-trocken","10":"product_tag-gaglioppo","11":"product_tag-kalabrien","12":"product_tag-librandi","13":"product_tag-rotwein","14":"product_tag-trocken","16":"first","17":"instock","18":"taxable","19":"shipping-taxable","20":"purchasable","21":"product-type-simple"},"_links":{"self":[{"href":"https:\/\/www.mercatone-kassel.de\/shop\/wp-json\/wp\/v2\/product\/4838","targetHints":{"allow":["GET"]}}],"collection":[{"href":"https:\/\/www.mercatone-kassel.de\/shop\/wp-json\/wp\/v2\/product"}],"about":[{"href":"https:\/\/www.mercatone-kassel.de\/shop\/wp-json\/wp\/v2\/types\/product"}],"replies":[{"embeddable":true,"href":"https:\/\/www.mercatone-kassel.de\/shop\/wp-json\/wp\/v2\/comments?post=4838"}],"wp:featuredmedia":[{"embeddable":true,"href":"https:\/\/www.mercatone-kassel.de\/shop\/wp-json\/wp\/v2\/media\/7776"}],"wp:attachment":[{"href":"https:\/\/www.mercatone-kassel.de\/shop\/wp-json\/wp\/v2\/media?parent=4838"}],"wp:term":[{"taxonomy":"product_brand","embeddable":true,"href":"https:\/\/www.mercatone-kassel.de\/shop\/wp-json\/wp\/v2\/product_brand?post=4838"},{"taxonomy":"product_cat","embeddable":true,"href":"https:\/\/www.mercatone-kassel.de\/shop\/wp-json\/wp\/v2\/product_cat?post=4838"},{"taxonomy":"product_tag","embeddable":true,"href":"https:\/\/www.mercatone-kassel.de\/shop\/wp-json\/wp\/v2\/product_tag?post=4838"}],"curies":[{"name":"wp","href":"https:\/\/api.w.org\/{rel}","templated":true}]}}