{"id":5248,"date":"2020-04-17T14:24:10","date_gmt":"2020-04-17T12:24:10","guid":{"rendered":"https:\/\/www.mercatone-kassel.de\/shop\/?post_type=product&#038;p=5248"},"modified":"2026-01-21T14:31:57","modified_gmt":"2026-01-21T13:31:57","slug":"custoza-doc-2019-massinoti","status":"publish","type":"product","link":"https:\/\/www.mercatone-kassel.de\/shop\/shop\/weine\/weisswein\/custoza-doc-2019-massinoti\/","title":{"rendered":"Custoza DOC 2023 &#8211; Cantina Massinoti"},"content":{"rendered":"<p>Unkompliziert und gesegnet mit sch\u00f6ner Frische pr\u00e4sentiert sich dieser Wei\u00dfwein aus dem Veneto. Als Vorbote f\u00fcr die warme Jahreszeit ist dieser Wein ein frisches, aromatisches Gedicht. Je nach Jahrgang kann die endg\u00fcltige Cuv\u00e9e leicht variieren, um den bestm\u00f6glichen Genusseffekt zu erzielen. So erzeugt Massinoti mit ihrem Bianco di Custoza ein besonderes Wei\u00dfweinerlebnis mit viel Schmelz, aromatischer Vielfalt und Cremigkeit.<\/p>\n<p>&nbsp;<\/p>\n<p>Custoza ist ein Gebiet aus Mor\u00e4nenh\u00fcgeln in der Gemeinde Sommacampagna, s\u00fcd\u00f6stlich vom Gardasee. Die B\u00f6den sind vielschichtig mit Elementen aus Kalk, Ton, Kies und Sand. Pro Hektar wachsen 4000 bis 4800 Rebst\u00f6cke in der Guyot-Erziehungsform. Dies ist die h\u00e4ufigste Erziehungsform im europ\u00e4ischen Qualit\u00e4tsweinbau. Der Ertrag pro Rebstock betr\u00e4gt zwei Kilogramm. Die Cortese-Trauben liest das Winzerteam mitte September, die anderen Sorten Anfang Oktober. Das Kellerteam keltert die Maische auf sehr sanfte Art. Der Most verg\u00e4rt bei kontrollierter Temperatur. Alle Rebsorten baut das Weingut separat in Edelstahltanks aus. Bevor der Custoza den Weg in die Flasche findet, pflegt der Kellermeister die Kunst, aus den Sorten die Cuv\u00e9e zusammenzustellen. Der Erfolg gibt dem Weingut immer wieder recht.<\/p>\n<p>&nbsp;<\/p>\n<p>Verkostungsnotiz:<\/p>\n<p>&nbsp;<\/p>\n<p>Der 2019er Bianco di Custoza von Massinoti duftet intensiv nach vollreifer Aprikose, Weinberg-Pfirsich und Limonenzeste. Seine feinen Bl\u00fctend\u00fcfte und frischen Wiesenkr\u00e4uter unterstreichen die aromatische Vielfalt in der Nase. Feinf\u00fchlig ber\u00fchrt er die Lippen mit viel Schmelz. Er \u00fcberzeugt am Gaumen durch seine Cremigkeit, seine Balance und seine fruchtig-mineralische Frische. Dieser Wein sollte jung und gut gek\u00fchlt genossen werden.<\/p>\n<p>Er passt zu frischen Salaten, Fisch und Risotto.<\/p>\n","protected":false},"excerpt":{"rendered":"<p>Unkompliziert und gesegnet mit sch\u00f6ner Frische pr\u00e4sentiert sich dieser Wei\u00dfwein aus dem Veneto. Als Vorbote f\u00fcr die warme Jahreszeit ist dieser Wein ein frisches, aromatisches Gedicht. Je nach Jahrgang kann die endg\u00fcltige Cuv\u00e9e leicht variieren, um den bestm\u00f6glichen Genusseffekt zu erzielen. So erzeugt Massinoti mit ihrem Bianco di Custoza ein besonderes Wei\u00dfweinerlebnis mit viel Schmelz, [&hellip;]<\/p>\n","protected":false},"featured_media":5320,"comment_status":"open","ping_status":"closed","template":"","meta":[],"product_brand":[],"product_cat":[91,100,99,67],"product_tag":[363,414,142,362,90],"class_list":{"0":"post-5248","1":"product","2":"type-product","3":"status-publish","4":"has-post-thumbnail","6":"product_cat-italien","7":"product_cat-lombardei","8":"product_cat-trocken","9":"product_cat-weisswein","10":"product_tag-custoza","11":"product_tag-massinoti","12":"product_tag-trocken","13":"product_tag-venetien","14":"product_tag-weisswein","16":"first","17":"instock","18":"taxable","19":"shipping-taxable","20":"purchasable","21":"product-type-simple"},"_links":{"self":[{"href":"https:\/\/www.mercatone-kassel.de\/shop\/wp-json\/wp\/v2\/product\/5248","targetHints":{"allow":["GET"]}}],"collection":[{"href":"https:\/\/www.mercatone-kassel.de\/shop\/wp-json\/wp\/v2\/product"}],"about":[{"href":"https:\/\/www.mercatone-kassel.de\/shop\/wp-json\/wp\/v2\/types\/product"}],"replies":[{"embeddable":true,"href":"https:\/\/www.mercatone-kassel.de\/shop\/wp-json\/wp\/v2\/comments?post=5248"}],"wp:featuredmedia":[{"embeddable":true,"href":"https:\/\/www.mercatone-kassel.de\/shop\/wp-json\/wp\/v2\/media\/5320"}],"wp:attachment":[{"href":"https:\/\/www.mercatone-kassel.de\/shop\/wp-json\/wp\/v2\/media?parent=5248"}],"wp:term":[{"taxonomy":"product_brand","embeddable":true,"href":"https:\/\/www.mercatone-kassel.de\/shop\/wp-json\/wp\/v2\/product_brand?post=5248"},{"taxonomy":"product_cat","embeddable":true,"href":"https:\/\/www.mercatone-kassel.de\/shop\/wp-json\/wp\/v2\/product_cat?post=5248"},{"taxonomy":"product_tag","embeddable":true,"href":"https:\/\/www.mercatone-kassel.de\/shop\/wp-json\/wp\/v2\/product_tag?post=5248"}],"curies":[{"name":"wp","href":"https:\/\/api.w.org\/{rel}","templated":true}]}}