{"id":5290,"date":"2020-04-20T12:25:18","date_gmt":"2020-04-20T10:25:18","guid":{"rendered":"https:\/\/www.mercatone-kassel.de\/shop\/?post_type=product&#038;p=5290"},"modified":"2025-09-22T10:57:50","modified_gmt":"2025-09-22T08:57:50","slug":"grappa-traminer-barriques-montagner","status":"publish","type":"product","link":"https:\/\/www.mercatone-kassel.de\/shop\/shop\/grappa_und_spirituosen\/grappa-traminer-barriques-montagner\/","title":{"rendered":"Grappa Traminer Barriques 42\u00b0 0,7 lt.  &#8211; Montagner"},"content":{"rendered":"<p>Dieses Destillat wird in kleinen Eichenf\u00e4sser gelagert und erh\u00e4lt dadurch einen ausgewogenen, milden Eichengeschmack und eine elegante Bernsteinfarbe.<\/p>\n<p>&nbsp;<\/p>\n<p>W\u00fcrziger und langanhaltender Geschmack.<\/p>\n","protected":false},"excerpt":{"rendered":"<p>Dieses Destillat wird in kleinen Eichenf\u00e4sser gelagert und erh\u00e4lt dadurch einen ausgewogenen, milden Eichengeschmack und eine elegante Bernsteinfarbe. &nbsp; W\u00fcrziger und langanhaltender Geschmack.<\/p>\n","protected":false},"featured_media":5319,"comment_status":"open","ping_status":"closed","template":"","meta":[],"product_brand":[],"product_cat":[426],"product_tag":[430,428,369,436],"class_list":{"0":"post-5290","1":"product","2":"type-product","3":"status-publish","4":"has-post-thumbnail","6":"product_cat-grappa_und_spirituosen","7":"product_tag-barriques","8":"product_tag-grappa","9":"product_tag-montagner","10":"product_tag-traminer","12":"first","13":"instock","14":"taxable","15":"shipping-taxable","16":"purchasable","17":"product-type-simple"},"_links":{"self":[{"href":"https:\/\/www.mercatone-kassel.de\/shop\/wp-json\/wp\/v2\/product\/5290","targetHints":{"allow":["GET"]}}],"collection":[{"href":"https:\/\/www.mercatone-kassel.de\/shop\/wp-json\/wp\/v2\/product"}],"about":[{"href":"https:\/\/www.mercatone-kassel.de\/shop\/wp-json\/wp\/v2\/types\/product"}],"replies":[{"embeddable":true,"href":"https:\/\/www.mercatone-kassel.de\/shop\/wp-json\/wp\/v2\/comments?post=5290"}],"wp:featuredmedia":[{"embeddable":true,"href":"https:\/\/www.mercatone-kassel.de\/shop\/wp-json\/wp\/v2\/media\/5319"}],"wp:attachment":[{"href":"https:\/\/www.mercatone-kassel.de\/shop\/wp-json\/wp\/v2\/media?parent=5290"}],"wp:term":[{"taxonomy":"product_brand","embeddable":true,"href":"https:\/\/www.mercatone-kassel.de\/shop\/wp-json\/wp\/v2\/product_brand?post=5290"},{"taxonomy":"product_cat","embeddable":true,"href":"https:\/\/www.mercatone-kassel.de\/shop\/wp-json\/wp\/v2\/product_cat?post=5290"},{"taxonomy":"product_tag","embeddable":true,"href":"https:\/\/www.mercatone-kassel.de\/shop\/wp-json\/wp\/v2\/product_tag?post=5290"}],"curies":[{"name":"wp","href":"https:\/\/api.w.org\/{rel}","templated":true}]}}