{"id":5412,"date":"2020-04-23T13:20:28","date_gmt":"2020-04-23T11:20:28","guid":{"rendered":"https:\/\/www.mercatone-kassel.de\/shop\/?post_type=product&#038;p=5412"},"modified":"2026-02-11T14:38:07","modified_gmt":"2026-02-11T13:38:07","slug":"sauvignon-venezia-giulia-igt-2019-silvio-jermann","status":"publish","type":"product","link":"https:\/\/www.mercatone-kassel.de\/shop\/shop\/weine\/weisswein\/sauvignon-venezia-giulia-igt-2019-silvio-jermann\/","title":{"rendered":"Sauvignon Venezia Giulia Igt 2021 &#8211; Silvio Jermann"},"content":{"rendered":"<p>Das Weingut wurde 1881 vom slowenischen Auswanderer Anton Jermann gegr\u00fcndet. Ab den 70er-Jahren zeichnet Silvio Jermann verantwortlich, da kam der gro\u00dfe Qualit\u00e4tsdurchbruch. Heute bekommt er etwas Hilfe von seinem Sohn Michele, der ihn im Marketing und Verkauf unterst\u00fctzt. Das Weingut Jermann ist inzwischen eine Klimahaus Wein-zertifizierte Kellerei.<\/p>\n<p>&nbsp;<\/p>\n<p>Jermanns Sauvignon \u00fcberzeugt im Bukett mit Aromen von Stachelbeeren, Feuerstein und frischem Heu. Sehr delikat im Geschmack und mit f\u00fclligem K\u00f6rper gesegnet, sehr harmonisch und animierend. Trockener, voller Geschmack, elegant und ausgewogen. Passt zu Krustentieren, Risotto mit Meeresfr\u00fcchten, Wei\u00dffisch mit So\u00dfen.<\/p>\n","protected":false},"excerpt":{"rendered":"<p>Das Weingut wurde 1881 vom slowenischen Auswanderer Anton Jermann gegr\u00fcndet. Ab den 70er-Jahren zeichnet Silvio Jermann verantwortlich, da kam der gro\u00dfe Qualit\u00e4tsdurchbruch. Heute bekommt er etwas Hilfe von seinem Sohn Michele, der ihn im Marketing und Verkauf unterst\u00fctzt. Das Weingut Jermann ist inzwischen eine Klimahaus Wein-zertifizierte Kellerei. &nbsp; Jermanns Sauvignon \u00fcberzeugt im Bukett mit Aromen [&hellip;]<\/p>\n","protected":false},"featured_media":5413,"comment_status":"open","ping_status":"closed","template":"","meta":[],"product_brand":[],"product_cat":[112,91,99,67],"product_tag":[387,388,288,142,90],"class_list":{"0":"post-5412","1":"product","2":"type-product","3":"status-publish","4":"has-post-thumbnail","6":"product_cat-friaul_julisch_venetien","7":"product_cat-italien","8":"product_cat-trocken","9":"product_cat-weisswein","10":"product_tag-friaul-julisch-venetien","11":"product_tag-jermann","12":"product_tag-sauvignon","13":"product_tag-trocken","14":"product_tag-weisswein","16":"first","17":"instock","18":"taxable","19":"shipping-taxable","20":"purchasable","21":"product-type-simple"},"_links":{"self":[{"href":"https:\/\/www.mercatone-kassel.de\/shop\/wp-json\/wp\/v2\/product\/5412","targetHints":{"allow":["GET"]}}],"collection":[{"href":"https:\/\/www.mercatone-kassel.de\/shop\/wp-json\/wp\/v2\/product"}],"about":[{"href":"https:\/\/www.mercatone-kassel.de\/shop\/wp-json\/wp\/v2\/types\/product"}],"replies":[{"embeddable":true,"href":"https:\/\/www.mercatone-kassel.de\/shop\/wp-json\/wp\/v2\/comments?post=5412"}],"wp:featuredmedia":[{"embeddable":true,"href":"https:\/\/www.mercatone-kassel.de\/shop\/wp-json\/wp\/v2\/media\/5413"}],"wp:attachment":[{"href":"https:\/\/www.mercatone-kassel.de\/shop\/wp-json\/wp\/v2\/media?parent=5412"}],"wp:term":[{"taxonomy":"product_brand","embeddable":true,"href":"https:\/\/www.mercatone-kassel.de\/shop\/wp-json\/wp\/v2\/product_brand?post=5412"},{"taxonomy":"product_cat","embeddable":true,"href":"https:\/\/www.mercatone-kassel.de\/shop\/wp-json\/wp\/v2\/product_cat?post=5412"},{"taxonomy":"product_tag","embeddable":true,"href":"https:\/\/www.mercatone-kassel.de\/shop\/wp-json\/wp\/v2\/product_tag?post=5412"}],"curies":[{"name":"wp","href":"https:\/\/api.w.org\/{rel}","templated":true}]}}