{"id":5459,"date":"2020-04-24T13:49:43","date_gmt":"2020-04-24T11:49:43","guid":{"rendered":"https:\/\/www.mercatone-kassel.de\/shop\/?post_type=product&#038;p=5459"},"modified":"2026-02-17T12:35:20","modified_gmt":"2026-02-17T11:35:20","slug":"tano-amarone-della-valpolicella-docg-2014-ca-dei-conti","status":"publish","type":"product","link":"https:\/\/www.mercatone-kassel.de\/shop\/shop\/weine\/rotwein\/tano-amarone-della-valpolicella-docg-2014-ca-dei-conti\/","title":{"rendered":"Amarone della Valpolicella &#8222;Tano&#8220; Docg 2014 &#8211; Ca&#8216; dei Conti"},"content":{"rendered":"<p>W\u00e4hrend Jahrzenten lieferte die Familie Rancan, Besitzerin der Rebberge in Tregnago, im Herzen des Valpolicella, ihre Trauben an die lokale Winzergenossenschaft. Erst 2007 beschloss Renzo Rancan, das Traubengut selbst zu verarbeiten und gr\u00fcndete die Cantina Ca&#8216; dei Conti, wobei er Fabio Melotto als Oenologen verpflichten konnte. Bereits die ersten Jahrg\u00e4nge zeigten das au\u00dfergew\u00f6hnliche Potenzial der Weine, und insbesondere der Valpolicella Superiore \u00abLa Roara\u00bb \u00fcberzeugte durch seine unglaubliche Dichte und Struktur. Diesen Wein kann man problemlos in eine Amarone-Blinddegustation einbauen, und er wird immer ganz vorne mit dabei sein!<\/p>\n<p>&nbsp;<\/p>\n<p>Rubinrote Farbe mit violetten Reflexen. Herrliches Bouquet mit Aromen von Kirsche, getrockneten Fr\u00fcchten, Erdbeeren und dezenten Vanille- und Kakaonoten. Am Gaumen ist der Amarone Tano vollmundig und elegant, mit einer sch\u00f6nen Komplexit\u00e4t. Wiederum sch\u00f6ne Fruchtaromen, dazu dezent w\u00fcrzig. Der Abgang ist langanhaltend und lebhaft. Ein gro\u00dfartiger Amarone.<\/p>\n","protected":false},"excerpt":{"rendered":"<p>W\u00e4hrend Jahrzenten lieferte die Familie Rancan, Besitzerin der Rebberge in Tregnago, im Herzen des Valpolicella, ihre Trauben an die lokale Winzergenossenschaft. Erst 2007 beschloss Renzo Rancan, das Traubengut selbst zu verarbeiten und gr\u00fcndete die Cantina Ca&#8216; dei Conti, wobei er Fabio Melotto als Oenologen verpflichten konnte. Bereits die ersten Jahrg\u00e4nge zeigten das au\u00dfergew\u00f6hnliche Potenzial der [&hellip;]<\/p>\n","protected":false},"featured_media":19714,"comment_status":"open","ping_status":"closed","template":"","meta":[],"product_brand":[],"product_cat":[91,59,99,98],"product_tag":[551,542,86,142,362],"class_list":{"0":"post-5459","1":"product","2":"type-product","3":"status-publish","4":"has-post-thumbnail","6":"product_cat-italien","7":"product_cat-rotwein","8":"product_cat-trocken","9":"product_cat-venetien","10":"product_tag-amarone","11":"product_tag-ca_dei_conti","12":"product_tag-rotwein","13":"product_tag-trocken","14":"product_tag-venetien","16":"first","17":"instock","18":"taxable","19":"shipping-taxable","20":"purchasable","21":"product-type-simple"},"_links":{"self":[{"href":"https:\/\/www.mercatone-kassel.de\/shop\/wp-json\/wp\/v2\/product\/5459","targetHints":{"allow":["GET"]}}],"collection":[{"href":"https:\/\/www.mercatone-kassel.de\/shop\/wp-json\/wp\/v2\/product"}],"about":[{"href":"https:\/\/www.mercatone-kassel.de\/shop\/wp-json\/wp\/v2\/types\/product"}],"replies":[{"embeddable":true,"href":"https:\/\/www.mercatone-kassel.de\/shop\/wp-json\/wp\/v2\/comments?post=5459"}],"wp:featuredmedia":[{"embeddable":true,"href":"https:\/\/www.mercatone-kassel.de\/shop\/wp-json\/wp\/v2\/media\/19714"}],"wp:attachment":[{"href":"https:\/\/www.mercatone-kassel.de\/shop\/wp-json\/wp\/v2\/media?parent=5459"}],"wp:term":[{"taxonomy":"product_brand","embeddable":true,"href":"https:\/\/www.mercatone-kassel.de\/shop\/wp-json\/wp\/v2\/product_brand?post=5459"},{"taxonomy":"product_cat","embeddable":true,"href":"https:\/\/www.mercatone-kassel.de\/shop\/wp-json\/wp\/v2\/product_cat?post=5459"},{"taxonomy":"product_tag","embeddable":true,"href":"https:\/\/www.mercatone-kassel.de\/shop\/wp-json\/wp\/v2\/product_tag?post=5459"}],"curies":[{"name":"wp","href":"https:\/\/api.w.org\/{rel}","templated":true}]}}