{"id":5480,"date":"2020-04-24T10:31:40","date_gmt":"2020-04-24T08:31:40","guid":{"rendered":"https:\/\/www.mercatone-kassel.de\/shop\/?post_type=product&#038;p=5480"},"modified":"2025-11-26T13:09:58","modified_gmt":"2025-11-26T12:09:58","slug":"zitronenlikoer-30-07-lt-limonetto-delletna","status":"publish","type":"product","link":"https:\/\/www.mercatone-kassel.de\/shop\/shop\/weine\/italien\/zitronenlikoer-30-07-lt-limonetto-delletna\/","title":{"rendered":"Zitronenlik\u00f6r 30\u00b0 0,7 lt. &#8211; Limonetto dell&#8217;Etna"},"content":{"rendered":"<p>Zitronenlik\u00f6r aus Sizilien, der Klassiker. Einfach lecker, fruchtig mit der richtigen S\u00fc\u00dfe. Eiskalt genie\u00dfen, als Aperitif oder Digestif. Servieren Sie ihn mit oder ohne Eis oder auch mal als Sprizz.<\/p>\n<p>&nbsp;<\/p>\n<p>Ohne Farbstoffe und k\u00fcnstliche Zutaten, zu 100% aus einheimischen Fr\u00fcchten am Fu\u00dfe des Etna in Sizilien hergestellt.<\/p>\n<p>&nbsp;<\/p>\n<p>Einfach herrlich sommerlich.<\/p>\n<p>&nbsp;<\/p>\n<p><img loading=\"lazy\" decoding=\"async\" class=\"alignnone size-medium wp-image-5479\" src=\"https:\/\/www.mercatone-kassel.de\/shop\/wp-content\/uploads\/2020\/04\/I-4-LIQUORI-300x209.png\" alt=\"\" width=\"300\" height=\"209\" srcset=\"https:\/\/www.mercatone-kassel.de\/shop\/wp-content\/uploads\/2020\/04\/I-4-LIQUORI-300x209.png 300w, https:\/\/www.mercatone-kassel.de\/shop\/wp-content\/uploads\/2020\/04\/I-4-LIQUORI-600x418.png 600w, https:\/\/www.mercatone-kassel.de\/shop\/wp-content\/uploads\/2020\/04\/I-4-LIQUORI-64x45.png 64w, https:\/\/www.mercatone-kassel.de\/shop\/wp-content\/uploads\/2020\/04\/I-4-LIQUORI-1024x714.png 1024w, https:\/\/www.mercatone-kassel.de\/shop\/wp-content\/uploads\/2020\/04\/I-4-LIQUORI-768x536.png 768w, https:\/\/www.mercatone-kassel.de\/shop\/wp-content\/uploads\/2020\/04\/I-4-LIQUORI.png 1500w\" sizes=\"auto, (max-width: 300px) 100vw, 300px\" \/><\/p>\n","protected":false},"excerpt":{"rendered":"<p>Zitronenlik\u00f6r aus Sizilien, der Klassiker. Einfach lecker, fruchtig mit der richtigen S\u00fc\u00dfe. Eiskalt genie\u00dfen, als Aperitif oder Digestif. Servieren Sie ihn mit oder ohne Eis oder auch mal als Sprizz. &nbsp; Ohne Farbstoffe und k\u00fcnstliche Zutaten, zu 100% aus einheimischen Fr\u00fcchten am Fu\u00dfe des Etna in Sizilien hergestellt. &nbsp; Einfach herrlich sommerlich. &nbsp;<\/p>\n","protected":false},"featured_media":5481,"comment_status":"open","ping_status":"closed","template":"","meta":[],"product_brand":[],"product_cat":[426,91,103],"product_tag":[1535,570,495,574,573,255,572],"class_list":{"0":"post-5480","1":"product","2":"type-product","3":"status-publish","4":"has-post-thumbnail","6":"product_cat-grappa_und_spirituosen","7":"product_cat-italien","8":"product_cat-sizilien","9":"product_tag-aperitif","10":"product_tag-etna","11":"product_tag-likoer","12":"product_tag-limoncello","13":"product_tag-limonetto","14":"product_tag-sizilien","15":"product_tag-zitronen","17":"first","18":"instock","19":"taxable","20":"shipping-taxable","21":"purchasable","22":"product-type-simple"},"_links":{"self":[{"href":"https:\/\/www.mercatone-kassel.de\/shop\/wp-json\/wp\/v2\/product\/5480","targetHints":{"allow":["GET"]}}],"collection":[{"href":"https:\/\/www.mercatone-kassel.de\/shop\/wp-json\/wp\/v2\/product"}],"about":[{"href":"https:\/\/www.mercatone-kassel.de\/shop\/wp-json\/wp\/v2\/types\/product"}],"replies":[{"embeddable":true,"href":"https:\/\/www.mercatone-kassel.de\/shop\/wp-json\/wp\/v2\/comments?post=5480"}],"wp:featuredmedia":[{"embeddable":true,"href":"https:\/\/www.mercatone-kassel.de\/shop\/wp-json\/wp\/v2\/media\/5481"}],"wp:attachment":[{"href":"https:\/\/www.mercatone-kassel.de\/shop\/wp-json\/wp\/v2\/media?parent=5480"}],"wp:term":[{"taxonomy":"product_brand","embeddable":true,"href":"https:\/\/www.mercatone-kassel.de\/shop\/wp-json\/wp\/v2\/product_brand?post=5480"},{"taxonomy":"product_cat","embeddable":true,"href":"https:\/\/www.mercatone-kassel.de\/shop\/wp-json\/wp\/v2\/product_cat?post=5480"},{"taxonomy":"product_tag","embeddable":true,"href":"https:\/\/www.mercatone-kassel.de\/shop\/wp-json\/wp\/v2\/product_tag?post=5480"}],"curies":[{"name":"wp","href":"https:\/\/api.w.org\/{rel}","templated":true}]}}