{"id":5486,"date":"2020-04-24T11:00:22","date_gmt":"2020-04-24T09:00:22","guid":{"rendered":"https:\/\/www.mercatone-kassel.de\/shop\/?post_type=product&#038;p=5486"},"modified":"2025-12-13T13:21:22","modified_gmt":"2025-12-13T12:21:22","slug":"amaretto-30-07-lt-amaretto-di-maletto","status":"publish","type":"product","link":"https:\/\/www.mercatone-kassel.de\/shop\/shop\/weine\/italien\/amaretto-30-07-lt-amaretto-di-maletto\/","title":{"rendered":"Amaretto 30\u00b0 0,7 lt. &#8211; Amaretto di Maletto"},"content":{"rendered":"<p>Der Name Amaretto ist die Ableitung des italienischen Wortes &#8222;Amaro&#8220;, was soviel wie &#8222;bitter&#8220; bedeutet und wiederum von dem Namen der Bittermandel abgeleitet ist (madorla amara). Allerdings ist der bernsteinfarbene italienische Lik\u00f6r Amaretto in der Regel s\u00fc\u00df, und nur ein klein wenig bitter.<\/p>\n<p>&nbsp;<\/p>\n<p>Amaretto wird meist pur mit oder ohne Eis getrunken, ist aber auch \u00e4u\u00dferst beliebt bei der Zubereitung von S\u00fc\u00dfspeisen.<\/p>\n<p>&nbsp;<\/p>\n<p>100% handwerklich in Sizilien hergestellt!<\/p>\n<p>&nbsp;<\/p>\n<p><img loading=\"lazy\" decoding=\"async\" class=\"alignnone size-medium wp-image-5479\" src=\"https:\/\/www.mercatone-kassel.de\/shop\/wp-content\/uploads\/2020\/04\/I-4-LIQUORI-300x209.png\" alt=\"\" width=\"300\" height=\"209\" srcset=\"https:\/\/www.mercatone-kassel.de\/shop\/wp-content\/uploads\/2020\/04\/I-4-LIQUORI-300x209.png 300w, https:\/\/www.mercatone-kassel.de\/shop\/wp-content\/uploads\/2020\/04\/I-4-LIQUORI-600x418.png 600w, https:\/\/www.mercatone-kassel.de\/shop\/wp-content\/uploads\/2020\/04\/I-4-LIQUORI-64x45.png 64w, https:\/\/www.mercatone-kassel.de\/shop\/wp-content\/uploads\/2020\/04\/I-4-LIQUORI-1024x714.png 1024w, https:\/\/www.mercatone-kassel.de\/shop\/wp-content\/uploads\/2020\/04\/I-4-LIQUORI-768x536.png 768w, https:\/\/www.mercatone-kassel.de\/shop\/wp-content\/uploads\/2020\/04\/I-4-LIQUORI.png 1500w\" sizes=\"auto, (max-width: 300px) 100vw, 300px\" \/><\/p>\n","protected":false},"excerpt":{"rendered":"<p>Der Name Amaretto ist die Ableitung des italienischen Wortes &#8222;Amaro&#8220;, was soviel wie &#8222;bitter&#8220; bedeutet und wiederum von dem Namen der Bittermandel abgeleitet ist (madorla amara). Allerdings ist der bernsteinfarbene italienische Lik\u00f6r Amaretto in der Regel s\u00fc\u00df, und nur ein klein wenig bitter. &nbsp; Amaretto wird meist pur mit oder ohne Eis getrunken, ist aber [&hellip;]<\/p>\n","protected":false},"featured_media":5489,"comment_status":"open","ping_status":"closed","template":"","meta":[],"product_brand":[],"product_cat":[426,91,103],"product_tag":[582,495,584,583,255],"class_list":{"0":"post-5486","1":"product","2":"type-product","3":"status-publish","4":"has-post-thumbnail","6":"product_cat-grappa_und_spirituosen","7":"product_cat-italien","8":"product_cat-sizilien","9":"product_tag-amaretto","10":"product_tag-likoer","11":"product_tag-mandellikoer","12":"product_tag-mandeln","13":"product_tag-sizilien","15":"first","16":"instock","17":"taxable","18":"shipping-taxable","19":"purchasable","20":"product-type-simple"},"_links":{"self":[{"href":"https:\/\/www.mercatone-kassel.de\/shop\/wp-json\/wp\/v2\/product\/5486","targetHints":{"allow":["GET"]}}],"collection":[{"href":"https:\/\/www.mercatone-kassel.de\/shop\/wp-json\/wp\/v2\/product"}],"about":[{"href":"https:\/\/www.mercatone-kassel.de\/shop\/wp-json\/wp\/v2\/types\/product"}],"replies":[{"embeddable":true,"href":"https:\/\/www.mercatone-kassel.de\/shop\/wp-json\/wp\/v2\/comments?post=5486"}],"wp:featuredmedia":[{"embeddable":true,"href":"https:\/\/www.mercatone-kassel.de\/shop\/wp-json\/wp\/v2\/media\/5489"}],"wp:attachment":[{"href":"https:\/\/www.mercatone-kassel.de\/shop\/wp-json\/wp\/v2\/media?parent=5486"}],"wp:term":[{"taxonomy":"product_brand","embeddable":true,"href":"https:\/\/www.mercatone-kassel.de\/shop\/wp-json\/wp\/v2\/product_brand?post=5486"},{"taxonomy":"product_cat","embeddable":true,"href":"https:\/\/www.mercatone-kassel.de\/shop\/wp-json\/wp\/v2\/product_cat?post=5486"},{"taxonomy":"product_tag","embeddable":true,"href":"https:\/\/www.mercatone-kassel.de\/shop\/wp-json\/wp\/v2\/product_tag?post=5486"}],"curies":[{"name":"wp","href":"https:\/\/api.w.org\/{rel}","templated":true}]}}