{"id":5525,"date":"2020-04-27T10:13:09","date_gmt":"2020-04-27T08:13:09","guid":{"rendered":"https:\/\/www.mercatone-kassel.de\/shop\/?post_type=product&#038;p=5525"},"modified":"2026-04-22T17:22:23","modified_gmt":"2026-04-22T15:22:23","slug":"talia-zibibbo-secco-doc-sicilia-biologico-2017-tenute-mokarta","status":"publish","type":"product","link":"https:\/\/www.mercatone-kassel.de\/shop\/shop\/weine\/weisswein\/talia-zibibbo-secco-doc-sicilia-biologico-2017-tenute-mokarta\/","title":{"rendered":"Tal\u00eca Zibibbo Secco Bio DOC Sicilia 2023  &#8211; Tenute Mokarta"},"content":{"rendered":"<p>Die Tenute hat ihren Namen von dem gleichnamigen, sonnigen H\u00fcgel nahe der Stadt Salemi erhalten. Familie Favuzza gr\u00fcndete den landwirtschaftlichen Betrieb bereits im Jahre 1916. Mit sehr viel Liebe und Leidenschaft f\u00fcr Wein erzeugt sie bis heute besonders gelungene, typische sizilianische Weine. Sowohl die Wei\u00df- als auch die Rotweine \u00fcberzeugen und bereiten sowohl als Aperitiv als auch als hervorragender Essensbegleiter sehr viel Spa\u00df. Sie spiegeln das sonnige Sizilien auf eine ehrliche und einladende Weise wieder.<\/p>\n<p>&nbsp;<\/p>\n<p>Im Glas zeigt der Zibibbo Secco eine strohgelbe Farbe. Im Bouquet einladende Aromen von tropischen Fr\u00fcchten, wei\u00dfem Pfirsich und einer zarten Nuance von Vanille. Am Gaumen ist der Wei\u00dfwein frisch, trocken und geschmeidig. Mit einem langem Finale.<\/p>\n<p>&nbsp;<\/p>\n<p>Passt hervorragend zu Vorspeisen, Fisch und Krustentieren.<\/p>\n","protected":false},"excerpt":{"rendered":"<p>Die Tenute hat ihren Namen von dem gleichnamigen, sonnigen H\u00fcgel nahe der Stadt Salemi erhalten. Familie Favuzza gr\u00fcndete den landwirtschaftlichen Betrieb bereits im Jahre 1916. Mit sehr viel Liebe und Leidenschaft f\u00fcr Wein erzeugt sie bis heute besonders gelungene, typische sizilianische Weine. Sowohl die Wei\u00df- als auch die Rotweine \u00fcberzeugen und bereiten sowohl als Aperitiv [&hellip;]<\/p>\n","protected":false},"featured_media":11961,"comment_status":"open","ping_status":"closed","template":"","meta":[],"product_brand":[],"product_cat":[91,103,99,67],"product_tag":[606,255,605,591,142,90,604],"class_list":{"0":"post-5525","1":"product","2":"type-product","3":"status-publish","4":"has-post-thumbnail","6":"product_cat-italien","7":"product_cat-sizilien","8":"product_cat-trocken","9":"product_cat-weisswein","10":"product_tag-bio","11":"product_tag-sizilien","12":"product_tag-talia","13":"product_tag-tenute_mokarta","14":"product_tag-trocken","15":"product_tag-weisswein","16":"product_tag-zibibbo","18":"first","19":"instock","20":"taxable","21":"shipping-taxable","22":"purchasable","23":"product-type-simple"},"_links":{"self":[{"href":"https:\/\/www.mercatone-kassel.de\/shop\/wp-json\/wp\/v2\/product\/5525","targetHints":{"allow":["GET"]}}],"collection":[{"href":"https:\/\/www.mercatone-kassel.de\/shop\/wp-json\/wp\/v2\/product"}],"about":[{"href":"https:\/\/www.mercatone-kassel.de\/shop\/wp-json\/wp\/v2\/types\/product"}],"replies":[{"embeddable":true,"href":"https:\/\/www.mercatone-kassel.de\/shop\/wp-json\/wp\/v2\/comments?post=5525"}],"wp:featuredmedia":[{"embeddable":true,"href":"https:\/\/www.mercatone-kassel.de\/shop\/wp-json\/wp\/v2\/media\/11961"}],"wp:attachment":[{"href":"https:\/\/www.mercatone-kassel.de\/shop\/wp-json\/wp\/v2\/media?parent=5525"}],"wp:term":[{"taxonomy":"product_brand","embeddable":true,"href":"https:\/\/www.mercatone-kassel.de\/shop\/wp-json\/wp\/v2\/product_brand?post=5525"},{"taxonomy":"product_cat","embeddable":true,"href":"https:\/\/www.mercatone-kassel.de\/shop\/wp-json\/wp\/v2\/product_cat?post=5525"},{"taxonomy":"product_tag","embeddable":true,"href":"https:\/\/www.mercatone-kassel.de\/shop\/wp-json\/wp\/v2\/product_tag?post=5525"}],"curies":[{"name":"wp","href":"https:\/\/api.w.org\/{rel}","templated":true}]}}