{"id":5610,"date":"2020-05-11T12:37:12","date_gmt":"2020-05-11T10:37:12","guid":{"rendered":"https:\/\/www.mercatone-kassel.de\/shop\/?post_type=product&#038;p=5610"},"modified":"2026-03-24T12:44:27","modified_gmt":"2026-03-24T11:44:27","slug":"darbera-dasti-docg-2016-bricco-delluccellone-braida-di-giacomo-bologna","status":"publish","type":"product","link":"https:\/\/www.mercatone-kassel.de\/shop\/shop\/weine\/rotwein\/darbera-dasti-docg-2016-bricco-delluccellone-braida-di-giacomo-bologna\/","title":{"rendered":"Barbera d&#8217;Asti Docg 2021 Bricco dell\u2019Uccellone &#8211; Braida di Giacomo Bologna"},"content":{"rendered":"<p>Guiseppe Bologna war ein einfacher Fuhrmann, der nebenbei einen Weinberg f\u00fcr sich und seine Freunde unterhielt, auf dem er mit viel Hingabe ein wenig Wein erzeugte. Der leckere Tropfen machte ihn schnell zu einem der beliebtesten Mitglieder der Dorfgemeinschaft. Sein Sohn Giacomo hat diese Hingabe und Liebe zur Barbera-Rebe wohl geerbt, denn er widmete sich ihr ganz. In nur drei Generationen hat die Familie Bologna es geschafft, den Barbera d\u00b4Asti unter die gro\u00dfen Weine der Welt einzuf\u00fchren. Eine Rebsorte, der man lange Zeit solch eine Gr\u00f6\u00dfe gar nicht zugetraut hatte. Doch Giacomo hatte ein besonderes H\u00e4ndchen f\u00fcr die Reben und erkannte, dass der moderne Geschmack dem Barbera mit seiner feinen Frucht und seinen runden, reifen Tanninen entgegenkommt.<\/p>\n<p>Der Bricco del Uccellone ist zu Recht einer der Kultweine des Gebietes geworden.<\/p>\n<p>&nbsp;<\/p>\n<p>Intensive rubinrote Farbe mit einem Granatschimmer. Reicher, vielf\u00e4ltiger Duft von bemerkenswerter Intensit\u00e4t und Umfang. Vorherrschende Ger\u00fcche nach rotem Obst und kleinen Fr\u00fcchten, sowie einige Pfefferminzgew\u00fcrze, Vanille und Lakritze im Hintergrund. Trockener, gro\u00dfz\u00fcgiger Geschmack mit gutem K\u00f6rper und einer bemerkenswerten Struktur, eine perfekte Verbindung der Eigenschaften von Weinrebe und Holz zu einem Ganzen von gro\u00dfer Weichheit und Klasse, sehr lange anhaltendes Aroma.<\/p>\n","protected":false},"excerpt":{"rendered":"<p>Guiseppe Bologna war ein einfacher Fuhrmann, der nebenbei einen Weinberg f\u00fcr sich und seine Freunde unterhielt, auf dem er mit viel Hingabe ein wenig Wein erzeugte. Der leckere Tropfen machte ihn schnell zu einem der beliebtesten Mitglieder der Dorfgemeinschaft. Sein Sohn Giacomo hat diese Hingabe und Liebe zur Barbera-Rebe wohl geerbt, denn er widmete sich [&hellip;]<\/p>\n","protected":false},"featured_media":17360,"comment_status":"open","ping_status":"closed","template":"","meta":[],"product_brand":[],"product_cat":[91,104,59,99],"product_tag":[797,178,684,170,86,142],"class_list":{"0":"post-5610","1":"product","2":"type-product","3":"status-publish","4":"has-post-thumbnail","6":"product_cat-italien","7":"product_cat-piemont","8":"product_cat-rotwein","9":"product_cat-trocken","10":"product_tag-asti","11":"product_tag-barbera","12":"product_tag-braida","13":"product_tag-piemont","14":"product_tag-rotwein","15":"product_tag-trocken","17":"first","18":"instock","19":"taxable","20":"shipping-taxable","21":"purchasable","22":"product-type-simple"},"_links":{"self":[{"href":"https:\/\/www.mercatone-kassel.de\/shop\/wp-json\/wp\/v2\/product\/5610","targetHints":{"allow":["GET"]}}],"collection":[{"href":"https:\/\/www.mercatone-kassel.de\/shop\/wp-json\/wp\/v2\/product"}],"about":[{"href":"https:\/\/www.mercatone-kassel.de\/shop\/wp-json\/wp\/v2\/types\/product"}],"replies":[{"embeddable":true,"href":"https:\/\/www.mercatone-kassel.de\/shop\/wp-json\/wp\/v2\/comments?post=5610"}],"wp:featuredmedia":[{"embeddable":true,"href":"https:\/\/www.mercatone-kassel.de\/shop\/wp-json\/wp\/v2\/media\/17360"}],"wp:attachment":[{"href":"https:\/\/www.mercatone-kassel.de\/shop\/wp-json\/wp\/v2\/media?parent=5610"}],"wp:term":[{"taxonomy":"product_brand","embeddable":true,"href":"https:\/\/www.mercatone-kassel.de\/shop\/wp-json\/wp\/v2\/product_brand?post=5610"},{"taxonomy":"product_cat","embeddable":true,"href":"https:\/\/www.mercatone-kassel.de\/shop\/wp-json\/wp\/v2\/product_cat?post=5610"},{"taxonomy":"product_tag","embeddable":true,"href":"https:\/\/www.mercatone-kassel.de\/shop\/wp-json\/wp\/v2\/product_tag?post=5610"}],"curies":[{"name":"wp","href":"https:\/\/api.w.org\/{rel}","templated":true}]}}