{"id":5637,"date":"2020-05-11T13:24:48","date_gmt":"2020-05-11T11:24:48","guid":{"rendered":"https:\/\/www.mercatone-kassel.de\/shop\/?post_type=product&#038;p=5637"},"modified":"2026-02-11T11:22:39","modified_gmt":"2026-02-11T10:22:39","slug":"marche-rosso-igt-2021-guerriero-della-terra-azienda-agraria-guerrieri","status":"publish","type":"product","link":"https:\/\/www.mercatone-kassel.de\/shop\/shop\/weine\/rotwein\/marche-rosso-igt-2021-guerriero-della-terra-azienda-agraria-guerrieri\/","title":{"rendered":"Marche Rosso Igt 2021 Guerriero della Terra &#8211; Azienda Agraria Guerrieri"},"content":{"rendered":"<p>Der italienische Weinkritiker und -journalist Luca Maroni bezeichnete den &#8222;Guerriero della Terra&#8220; als Sensation: &#8222;Einer der besten italienischen Weine, von au\u00dfergew\u00f6hnlicher Intensit\u00e4t, der seiner Frucht eine seltene Konsistenz, Weichheit und Unversehrtheit des Aromas verleiht. Ein Wein der zum sinnlichen Erlebnis wird.&#8220;<\/p>\n<p>&nbsp;<\/p>\n<p>Strenge Mengenreduzierung, sp\u00e4te Ernte. Nur die allerbesten Trauben von den \u00e4ltesten, vom Opa Guerrieri gepflanzte Rebst\u00f6cken, flie\u00dfen in diesen Marche rosso.<\/p>\n<p>&nbsp;<\/p>\n<p>12 Monate in franz\u00f6sischen Eichenf\u00e4ssern ausgebaut und dann weitere 12 Monate in der Flasche.<\/p>\n<p>95% Montepulciano und 5% Sangiovese.<\/p>\n<p>&nbsp;<\/p>\n<p>Purpurrot mit fast schwarzem Kern. Intensive Aromen von reifen, dunklen Fr\u00fcchten, mit Noten von Brombeere und Edel-Balsamico. Seidiges Tannin, perfekt balancierte S\u00e4ure, voll, fast cremig und lang anhaltend.<\/p>\n<p>&nbsp;<\/p>\n<p>Perfekt zu rotem Fleisch, herzhaften Gerichten, Wild und reifem K\u00e4se.<\/p>\n<p>&nbsp;<\/p>\n<p>&nbsp;<\/p>\n<p><strong>Auszeichnungen:<\/strong><\/p>\n<p>&nbsp;<\/p>\n<p>Luca Maroni 98 Punkte<\/p>\n","protected":false},"excerpt":{"rendered":"<p>Der italienische Weinkritiker und -journalist Luca Maroni bezeichnete den &#8222;Guerriero della Terra&#8220; als Sensation: &#8222;Einer der besten italienischen Weine, von au\u00dfergew\u00f6hnlicher Intensit\u00e4t, der seiner Frucht eine seltene Konsistenz, Weichheit und Unversehrtheit des Aromas verleiht. Ein Wein der zum sinnlichen Erlebnis wird.&#8220; &nbsp; Strenge Mengenreduzierung, sp\u00e4te Ernte. Nur die allerbesten Trauben von den \u00e4ltesten, vom Opa [&hellip;]<\/p>\n","protected":false},"featured_media":5638,"comment_status":"open","ping_status":"closed","template":"","meta":[],"product_brand":[],"product_cat":[91,111,59,99],"product_tag":[707,706,189,86,142],"class_list":{"0":"post-5637","1":"product","2":"type-product","3":"status-publish","4":"has-post-thumbnail","6":"product_cat-italien","7":"product_cat-marken","8":"product_cat-rotwein","9":"product_cat-trocken","10":"product_tag-guerriero_della_terra","11":"product_tag-marche_rosso","12":"product_tag-marken","13":"product_tag-rotwein","14":"product_tag-trocken","16":"first","17":"instock","18":"taxable","19":"shipping-taxable","20":"purchasable","21":"product-type-simple"},"_links":{"self":[{"href":"https:\/\/www.mercatone-kassel.de\/shop\/wp-json\/wp\/v2\/product\/5637","targetHints":{"allow":["GET"]}}],"collection":[{"href":"https:\/\/www.mercatone-kassel.de\/shop\/wp-json\/wp\/v2\/product"}],"about":[{"href":"https:\/\/www.mercatone-kassel.de\/shop\/wp-json\/wp\/v2\/types\/product"}],"replies":[{"embeddable":true,"href":"https:\/\/www.mercatone-kassel.de\/shop\/wp-json\/wp\/v2\/comments?post=5637"}],"wp:featuredmedia":[{"embeddable":true,"href":"https:\/\/www.mercatone-kassel.de\/shop\/wp-json\/wp\/v2\/media\/5638"}],"wp:attachment":[{"href":"https:\/\/www.mercatone-kassel.de\/shop\/wp-json\/wp\/v2\/media?parent=5637"}],"wp:term":[{"taxonomy":"product_brand","embeddable":true,"href":"https:\/\/www.mercatone-kassel.de\/shop\/wp-json\/wp\/v2\/product_brand?post=5637"},{"taxonomy":"product_cat","embeddable":true,"href":"https:\/\/www.mercatone-kassel.de\/shop\/wp-json\/wp\/v2\/product_cat?post=5637"},{"taxonomy":"product_tag","embeddable":true,"href":"https:\/\/www.mercatone-kassel.de\/shop\/wp-json\/wp\/v2\/product_tag?post=5637"}],"curies":[{"name":"wp","href":"https:\/\/api.w.org\/{rel}","templated":true}]}}