{"id":5647,"date":"2020-05-18T12:09:52","date_gmt":"2020-05-18T10:09:52","guid":{"rendered":"https:\/\/www.mercatone-kassel.de\/shop\/?post_type=product&#038;p=5647"},"modified":"2026-03-25T11:59:35","modified_gmt":"2026-03-25T10:59:35","slug":"chianti-classico-bio-docg-2017-fontodi","status":"publish","type":"product","link":"https:\/\/www.mercatone-kassel.de\/shop\/shop\/weine\/rotwein\/chianti-classico-bio-docg-2017-fontodi\/","title":{"rendered":"Chianti Classico Bio Docg 2017 &#8211; Fontodi"},"content":{"rendered":"<p>Fontodi ist seit 1968 im Besitz der Familie Manetti, die seit Jahrhunderten mit dem Gebiet verwurzelt ist. Fontodi befindet sich im Herzen des Chianti Classico. Im Tal \u201eConca d\u2019Oro \u2013 wegen seiner Amphitheaterform, die \u201eGoldene Schale\u201c genannt \u2013 welches sich im S\u00fcden von Panzano befindet. Ein charakteristisches Terroir und ein fantastisches Mikroklima stehen f\u00fcr die Tradition des qualitativen Weinanbaus. Fontodi ist ein zertifiziertes Bio-Weingut mit 70 Hektar Rebfl\u00e4che. Eine f\u00fchrendes Weingut mit vielen internationalen Auszeichnungen.<\/p>\n<p>&nbsp;<\/p>\n<p>Funkelndes, intensives Rubin. Kompakte und ansprechende Nase mit viel reifer Brombeere, dunkler Kirsche und etwas Zwetschke. Im Ansatz viel pr\u00e4sente Frucht, \u00f6ffnet sich mit kernigem, dichtem Tannin das sich in Schichten aufbaut, saftig und mit sch\u00f6nem Trinkfluss.<\/p>\n<p>&nbsp;<\/p>\n<p>Chianti Classico von Giovanni Manetti bietet ein tiefgr\u00fcndiges und dabei noch sehr jugendliches Bouquet aus roten Fr\u00fcchten und feinen W\u00fcrznoten. Der solide Geschmack mit lang anhaltenden Eindr\u00fccken, gut extrahiertem Tannin und der Sangiovese-typischen S\u00e4ure zeigt deutlich erkennbaren Terroircharakter. Sehr klar, geradlinig, lang, immer frisch und saftig, mit ausgezeichneter Kraft.<\/p>\n<p>&nbsp;<\/p>\n<p><strong>Auszeichnungen:<\/strong><\/p>\n<p>Bibenda: 4 Trauben<br \/>\nVeronelli: 90 Punkte<br \/>\nDoctor Wine: 92 Punkte<br \/>\nRobert Parker: 92+ Punkte<br \/>\nVinous: 94 Punkte<br \/>\nWine Spectator: 94 Punkte<br \/>\nJames Suckling: 94 Punkte<br \/>\nDecanter: 93 Punkte<br \/>\nFalstaff: 93 Punkte<br \/>\nJancis Robinson: 17 Punkte<\/p>\n","protected":false},"excerpt":{"rendered":"<p>Fontodi ist seit 1968 im Besitz der Familie Manetti, die seit Jahrhunderten mit dem Gebiet verwurzelt ist. Fontodi befindet sich im Herzen des Chianti Classico. Im Tal \u201eConca d\u2019Oro \u2013 wegen seiner Amphitheaterform, die \u201eGoldene Schale\u201c genannt \u2013 welches sich im S\u00fcden von Panzano befindet. Ein charakteristisches Terroir und ein fantastisches Mikroklima stehen f\u00fcr die [&hellip;]<\/p>\n","protected":false},"featured_media":5651,"comment_status":"open","ping_status":"closed","template":"","meta":[],"product_brand":[],"product_cat":[91,59,107,99],"product_tag":[606,610,723,86,193,376,142],"class_list":{"0":"post-5647","1":"product","2":"type-product","3":"status-publish","4":"has-post-thumbnail","6":"product_cat-italien","7":"product_cat-rotwein","8":"product_cat-toskana","9":"product_cat-trocken","10":"product_tag-bio","11":"product_tag-chianti_classico","12":"product_tag-fontodi","13":"product_tag-rotwein","14":"product_tag-sangiovese","15":"product_tag-toskana","16":"product_tag-trocken","18":"first","19":"outofstock","20":"taxable","21":"shipping-taxable","22":"purchasable","23":"product-type-simple"},"_links":{"self":[{"href":"https:\/\/www.mercatone-kassel.de\/shop\/wp-json\/wp\/v2\/product\/5647","targetHints":{"allow":["GET"]}}],"collection":[{"href":"https:\/\/www.mercatone-kassel.de\/shop\/wp-json\/wp\/v2\/product"}],"about":[{"href":"https:\/\/www.mercatone-kassel.de\/shop\/wp-json\/wp\/v2\/types\/product"}],"replies":[{"embeddable":true,"href":"https:\/\/www.mercatone-kassel.de\/shop\/wp-json\/wp\/v2\/comments?post=5647"}],"wp:featuredmedia":[{"embeddable":true,"href":"https:\/\/www.mercatone-kassel.de\/shop\/wp-json\/wp\/v2\/media\/5651"}],"wp:attachment":[{"href":"https:\/\/www.mercatone-kassel.de\/shop\/wp-json\/wp\/v2\/media?parent=5647"}],"wp:term":[{"taxonomy":"product_brand","embeddable":true,"href":"https:\/\/www.mercatone-kassel.de\/shop\/wp-json\/wp\/v2\/product_brand?post=5647"},{"taxonomy":"product_cat","embeddable":true,"href":"https:\/\/www.mercatone-kassel.de\/shop\/wp-json\/wp\/v2\/product_cat?post=5647"},{"taxonomy":"product_tag","embeddable":true,"href":"https:\/\/www.mercatone-kassel.de\/shop\/wp-json\/wp\/v2\/product_tag?post=5647"}],"curies":[{"name":"wp","href":"https:\/\/api.w.org\/{rel}","templated":true}]}}