{"id":5936,"date":"2020-05-19T13:39:32","date_gmt":"2020-05-19T11:39:32","guid":{"rendered":"https:\/\/www.mercatone-kassel.de\/shop\/?post_type=product&#038;p=5936"},"modified":"2026-03-25T11:55:43","modified_gmt":"2026-03-25T10:55:43","slug":"ca-marcanda-bolgheri-doc-2019-camarcanda-angelo-gaja","status":"publish","type":"product","link":"https:\/\/www.mercatone-kassel.de\/shop\/shop\/weine\/rotwein\/ca-marcanda-bolgheri-doc-2019-camarcanda-angelo-gaja\/","title":{"rendered":"Ca&#8216; Marcanda Bolgheri Doc 2019 Camarcanda &#8211; Angelo Gaja"},"content":{"rendered":"<p>Angelo Gaja ist eine, wenn nicht die Legende des italienischen Weinbaus. Mit seinen Barbaresco-Kreationen geh\u00f6rt er zu den Bezwingern der so divenhaften Nebbiolo-Rebe. Doch Nebbiolo war ihm Mitte der 1990er Jahre nicht mehr genug. Doch anstatt, wie so manch anderer vor und nach ihm, im Piemont zu bleiben und dort andere Rebsorten zu kultivieren, machte Angelo Gaja das einzig richtige: Er gr\u00fcndete 1996 in Bolgheri in der Toskana ein neues Weingut, um sich dort mit gro\u00dfem Erfolg Rebsorten wie dem Merlot und Cabernet-Varianten zu widmen.<\/p>\n<p>&nbsp;<\/p>\n<p>Bei dem Camarcanda von Gaja Ca\u2019Marcanda handelt es sich um einen Rotwein, der in der Appellation Bolgheri hergestellt wird. Der Weinberg profitiert von wei\u00dfen B\u00f6den, die reich an Kalkstein, Lehm und Stein sind. Der Rebsortenbestand der L\u00e4ndereien setzt sich aus 50% Merlot, 40% Cabernet Sauvignon und 10% Cabernet Franc zusammen. Der Ausbau des Camarcanda 2011 von Gaja Ca\u2019Marcanda erfolgt bis zur Assemblage in Barriques, anschlie\u00dfend reift der Wein 12 Monate direkt in der Flasche, bevor er vermarktet wird.<\/p>\n<p>&nbsp;<\/p>\n<p>Die kargen B\u00f6den f\u00fchren zu gr\u00f6\u00dferer Komplexit\u00e4t und einer straffen Tanninstruktur. Der Ca\u2018 Marcanda Camarcanda Bolgheri DOC zeigt sich in einem satten, dunklen Rubinviolett; sehr dichte Nase, klar gezeichnet, viel Cassis und Holunderbeeren, etwas Tabak; satter Ansatz, zeigt am Gaumen viel s\u00fc\u00dfes Tannin, sehr geschliffen, feink\u00f6rniges Tannin, im Finale nach S\u00fc\u00dfholz und Minze. Gro\u00dfes Bolgheri-Kino ganz im Stile von Angelo Gaja! Beachtliches Lagerpotential!<\/p>\n<p>&nbsp;<\/p>\n<p><strong>Auszeichnungen:<\/strong><\/p>\n<div>Robert Parker: 95\/100 Punkte f\u00fcr 2016<br \/>\nJames Suckling: 93\/100 Punkte f\u00fcr 2016<br \/>\nVinous Antonio Galloni: 92+\/100 Punkte f\u00fcr 2016<br \/>\nWine Spectator: 94\/100 Punkte f\u00fcr 2016<br \/>\nRobert Parker: 95\/100 Punkte f\u00fcr 2015<br \/>\nVinous Antonio Galloni: 94\/100 Punkte f\u00fcr 2015<br \/>\nWine Spectator: 92\/100 Punkte f\u00fcr 2015<strong><br \/>\n<\/strong>James Suckling: 93\/100 Punkte f\u00fcr 2015<strong><br \/>\n<\/strong>James Suckling: 93\/100 Punkte f\u00fcr 2013<br \/>\nRobert Parker: 94\/100 Punkte f\u00fcr 2013<br \/>\nWine Spectator: 93\/100 Punkte f\u00fcr 2013<br \/>\nJames Suckling: 93\/100 Punkte f\u00fcr 2012<br \/>\nWine Spectator: 92\/100 Punkte f\u00fcr 2012<br \/>\nVinous Antonio Galloni: 91\/100 Punkte f\u00fcr 2012<br \/>\nFalstaff Magazin: 90\/100 Punkte f\u00fcr 2012<\/div>\n","protected":false},"excerpt":{"rendered":"<p>Angelo Gaja ist eine, wenn nicht die Legende des italienischen Weinbaus. Mit seinen Barbaresco-Kreationen geh\u00f6rt er zu den Bezwingern der so divenhaften Nebbiolo-Rebe. Doch Nebbiolo war ihm Mitte der 1990er Jahre nicht mehr genug. Doch anstatt, wie so manch anderer vor und nach ihm, im Piemont zu bleiben und dort andere Rebsorten zu kultivieren, machte [&hellip;]<\/p>\n","protected":false},"featured_media":5937,"comment_status":"open","ping_status":"closed","template":"","meta":[],"product_brand":[],"product_cat":[91,59,107,99],"product_tag":[720,834,664,547,835,158,86,376,142],"class_list":{"0":"post-5936","1":"product","2":"type-product","3":"status-publish","4":"has-post-thumbnail","6":"product_cat-italien","7":"product_cat-rotwein","8":"product_cat-toskana","9":"product_cat-trocken","10":"product_tag-bolgheri","11":"product_tag-camarcanda","12":"product_tag-cabernet_franc","13":"product_tag-cabernet_sauvignon","14":"product_tag-gaja","15":"product_tag-prestige","16":"product_tag-rotwein","17":"product_tag-toskana","18":"product_tag-trocken","20":"first","21":"instock","22":"taxable","23":"shipping-taxable","24":"purchasable","25":"product-type-simple"},"_links":{"self":[{"href":"https:\/\/www.mercatone-kassel.de\/shop\/wp-json\/wp\/v2\/product\/5936","targetHints":{"allow":["GET"]}}],"collection":[{"href":"https:\/\/www.mercatone-kassel.de\/shop\/wp-json\/wp\/v2\/product"}],"about":[{"href":"https:\/\/www.mercatone-kassel.de\/shop\/wp-json\/wp\/v2\/types\/product"}],"replies":[{"embeddable":true,"href":"https:\/\/www.mercatone-kassel.de\/shop\/wp-json\/wp\/v2\/comments?post=5936"}],"wp:featuredmedia":[{"embeddable":true,"href":"https:\/\/www.mercatone-kassel.de\/shop\/wp-json\/wp\/v2\/media\/5937"}],"wp:attachment":[{"href":"https:\/\/www.mercatone-kassel.de\/shop\/wp-json\/wp\/v2\/media?parent=5936"}],"wp:term":[{"taxonomy":"product_brand","embeddable":true,"href":"https:\/\/www.mercatone-kassel.de\/shop\/wp-json\/wp\/v2\/product_brand?post=5936"},{"taxonomy":"product_cat","embeddable":true,"href":"https:\/\/www.mercatone-kassel.de\/shop\/wp-json\/wp\/v2\/product_cat?post=5936"},{"taxonomy":"product_tag","embeddable":true,"href":"https:\/\/www.mercatone-kassel.de\/shop\/wp-json\/wp\/v2\/product_tag?post=5936"}],"curies":[{"name":"wp","href":"https:\/\/api.w.org\/{rel}","templated":true}]}}