{"id":5943,"date":"2020-05-19T14:16:37","date_gmt":"2020-05-19T12:16:37","guid":{"rendered":"https:\/\/www.mercatone-kassel.de\/shop\/?post_type=product&#038;p=5943"},"modified":"2026-03-25T11:56:57","modified_gmt":"2026-03-25T10:56:57","slug":"ca-marcanda-magari-dop-2021-angelo-gaja","status":"publish","type":"product","link":"https:\/\/www.mercatone-kassel.de\/shop\/shop\/weine\/rotwein\/ca-marcanda-magari-dop-2021-angelo-gaja\/","title":{"rendered":"Ca&#8216; Marcanda Magari Dop 2021 &#8211; Angelo Gaja"},"content":{"rendered":"<p>Angelo Gaja ist eine, wenn nicht die Legende des italienischen Weinbaus. Mit seinen Barbaresco-Kreationen geh\u00f6rt er zu den Bezwingern der so divenhaften Nebbiolo-Rebe. Doch Nebbiolo war ihm Mitte der 1990er Jahre nicht mehr genug. Doch anstatt, wie so manch anderer vor und nach ihm, im Piemont zu bleiben und dort andere Rebsorten zu kultivieren, machte Angelo Gaja das einzig richtige: Er gr\u00fcndete 1996 in Bolgheri in der Toskana ein neues Weingut, um sich dort mit gro\u00dfem Erfolg Rebsorten wie dem Merlot und Cabernet-Varianten zu widmen.<\/p>\n<p>&nbsp;<\/p>\n<p>Angelo Gaja, der gro\u00dfe Barbaresco-Magier, hat sich und ganz altruistisch allen Weinliebhabern gro\u00dfer, eleganter Rotweine aus Italien mit seinem toskanischen Kultwein C\u00e1 Marcanda Magari einen Herzenswunsch erf\u00fcllt. Keinem anderen Winzer von Weltrang ist es gelungen, in gleich zwei Wein-Hochburgen mit absoluten Top-Weinen zu re\u00fcssieren. Der C\u00e1 Marcanda Magari geh\u00f6rt zu den Publikumslieblingen, die auch von den strengsten Weinkritikern hochgelobt werden. Urspr\u00fcnglich sortenrein aus Merlot gewonnen, ist der C\u00e1 Marcanda Magari seit 2014 eine Cuvee aus Merlot, Cabernet Sauvignon und Cabernet Franc. Diese grundlegende und mutige Ver\u00e4nderung hat dem Wein noch mehr Tiefe und aromatisches Facettenreichtum beschert.<\/p>\n<p>&nbsp;<\/p>\n<p>Tiefrot steht der C\u00e1 Marcanda Magari im Glas. In der Nase verstr\u00f6mt der Wein sein vollaromatisches Bouquet, das vor allem von Brombeeren und vollreifen Kirschen dominiert wird. Ankl\u00e4nge an leicht angefeuchtetes Leder und Pflaumen verf\u00fchren zum ersten Schluck. Am Gaumen zeigt sich der C\u00e1 Marcanda Magari bei aller Kraft feinziseliert. Die kr\u00e4ftigen aber hervorragend integrierten Tannine harmonieren perfekt mit den feinen Furchtaromen, die lange im Abgang nachhallen. Die Holzfasslagerung ist geschmacklich sp\u00fcrbar, dr\u00e4ngt sich jedoch nie auf. Dieser elegante Wein kann nur das Werk eines Weinfl\u00fcsterers sein.<\/p>\n<p>&nbsp;<\/p>\n<p><strong>Auszeichnungen:<\/strong><br \/>\nRobert Parker: 94+\/100 Punkte f\u00fcr 2017<br \/>\nJames Suckling: 93\/100 Punkte f\u00fcr 2017<br \/>\nRobert Parker: 95\/100 Punkte f\u00fcr 2016<br \/>\nJames Suckling: 93\/100 Punkte f\u00fcr 2016<br \/>\nVinous Antonio Galloni: 92+\/100 Punkte f\u00fcr 2016<br \/>\nWine Spectator: 94\/100 Punkte f\u00fcr 2016<br \/>\nRobert Parker: 95\/100 Punkte f\u00fcr 2015<br \/>\nVinous Antonio Galloni: 94\/100 Punkte f\u00fcr 2015<br \/>\nWine Spectator: 92\/100 Punkte f\u00fcr 2015<br \/>\nJames Suckling: 93\/100 Punkte f\u00fcr 2015<br \/>\nJames Suckling: 93\/100 Punkte f\u00fcr 2013<br \/>\nRobert Parker: 94\/100 Punkte f\u00fcr 2013<br \/>\nWine Spectator: 93\/100 Punkte f\u00fcr 2013<br \/>\nJames Suckling: 93\/100 Punkte f\u00fcr 2012<br \/>\nWine Spectator: 92\/100 Punkte f\u00fcr 2012<br \/>\nVinous Antonio Galloni: 91\/100 Punkte f\u00fcr 2012<br \/>\nFalstaff Magazin: 90\/100 Punkte f\u00fcr 2012<\/p>\n","protected":false},"excerpt":{"rendered":"<p>Angelo Gaja ist eine, wenn nicht die Legende des italienischen Weinbaus. Mit seinen Barbaresco-Kreationen geh\u00f6rt er zu den Bezwingern der so divenhaften Nebbiolo-Rebe. Doch Nebbiolo war ihm Mitte der 1990er Jahre nicht mehr genug. Doch anstatt, wie so manch anderer vor und nach ihm, im Piemont zu bleiben und dort andere Rebsorten zu kultivieren, machte [&hellip;]<\/p>\n","protected":false},"featured_media":17120,"comment_status":"open","ping_status":"closed","template":"","meta":[],"product_brand":[],"product_cat":[91,59,107,99],"product_tag":[720,834,664,547,835,660,158,86,376,142],"class_list":{"0":"post-5943","1":"product","2":"type-product","3":"status-publish","4":"has-post-thumbnail","6":"product_cat-italien","7":"product_cat-rotwein","8":"product_cat-toskana","9":"product_cat-trocken","10":"product_tag-bolgheri","11":"product_tag-camarcanda","12":"product_tag-cabernet_franc","13":"product_tag-cabernet_sauvignon","14":"product_tag-gaja","15":"product_tag-petit_verdot","16":"product_tag-prestige","17":"product_tag-rotwein","18":"product_tag-toskana","19":"product_tag-trocken","21":"first","22":"instock","23":"taxable","24":"shipping-taxable","25":"purchasable","26":"product-type-simple"},"_links":{"self":[{"href":"https:\/\/www.mercatone-kassel.de\/shop\/wp-json\/wp\/v2\/product\/5943","targetHints":{"allow":["GET"]}}],"collection":[{"href":"https:\/\/www.mercatone-kassel.de\/shop\/wp-json\/wp\/v2\/product"}],"about":[{"href":"https:\/\/www.mercatone-kassel.de\/shop\/wp-json\/wp\/v2\/types\/product"}],"replies":[{"embeddable":true,"href":"https:\/\/www.mercatone-kassel.de\/shop\/wp-json\/wp\/v2\/comments?post=5943"}],"wp:featuredmedia":[{"embeddable":true,"href":"https:\/\/www.mercatone-kassel.de\/shop\/wp-json\/wp\/v2\/media\/17120"}],"wp:attachment":[{"href":"https:\/\/www.mercatone-kassel.de\/shop\/wp-json\/wp\/v2\/media?parent=5943"}],"wp:term":[{"taxonomy":"product_brand","embeddable":true,"href":"https:\/\/www.mercatone-kassel.de\/shop\/wp-json\/wp\/v2\/product_brand?post=5943"},{"taxonomy":"product_cat","embeddable":true,"href":"https:\/\/www.mercatone-kassel.de\/shop\/wp-json\/wp\/v2\/product_cat?post=5943"},{"taxonomy":"product_tag","embeddable":true,"href":"https:\/\/www.mercatone-kassel.de\/shop\/wp-json\/wp\/v2\/product_tag?post=5943"}],"curies":[{"name":"wp","href":"https:\/\/api.w.org\/{rel}","templated":true}]}}