{"id":5948,"date":"2020-05-19T15:04:22","date_gmt":"2020-05-19T13:04:22","guid":{"rendered":"https:\/\/www.mercatone-kassel.de\/shop\/?post_type=product&#038;p=5948"},"modified":"2026-03-24T12:45:08","modified_gmt":"2026-03-24T11:45:08","slug":"ca-marcanda-promis-dop-2017-angelo-gaja","status":"publish","type":"product","link":"https:\/\/www.mercatone-kassel.de\/shop\/shop\/weine\/rotwein\/ca-marcanda-promis-dop-2017-angelo-gaja\/","title":{"rendered":"Ca&#8216; Marcanda Promis Dop 2019 &#8211; Angelo Gaja"},"content":{"rendered":"<p>Die Familie Gaja ist seit der H\u00e4lfte des 17. Jahrhunderts in Piemont ans\u00e4ssig. Das Weingut in Barbaresco wurde 1859 von Giovanni Gaja, dem Urgro\u00dfvater des heutigen Besitzers, Angelo Gaja, gegr\u00fcndet. Angelo hie\u00df auch der Sohn des Gr\u00fcnders, der 1905 die legend\u00e4re Clotilde Rey heiratete. Gemeinsam legten die beiden schon damals den Grundstein f\u00fcr die Qualit\u00e4tsphilosophie, die das Haus bis heute auszeichnet.<\/p>\n<p>&nbsp;<\/p>\n<p>1996 kaufte Gaja ein zweites Gut in der Toskana, Ca\u2019 Marcanda in Castagneto Carducci. Auf 100 ha wurden haupts\u00e4chlich Merlot, Cabernet Sauvignon, sowie etwas Cabernet Franc, Syrah und Sangiovese angepflanzt. Die Weine von Ca\u2019 Marcanda hei\u00dfen Promis, Magari und Camarcanda und kamen mit dem Jahrgang 2000 erstmals auf den Markt.<\/p>\n<p>&nbsp;<\/p>\n<p>Der Promis spiegelt das Terroir der einzigartigen Maremma-Region auf elegante Art und Weise wider. Ein Versprechen, das bindend ist: Promis kommt von \u201epromissio\u201c, dem lateinischen Wort f\u00fcr Zusicherung. Fester Bestandteil des Sortiments internationaler Spitzenrestaurants.<\/p>\n<p>&nbsp;<\/p>\n<p>Strahlendleuchtendes dunkelrubinrot mit lila Reflexen, Bukett nach reifen Brombeeren mit etwas Hibiskus, am Gaumen elegant, feine Schokoladennote mit viel Kirsche und Brombeere sowie Waldbeere, mit einer leichten Mineralit\u00e4t und feiner Frische, ausgewogen und doch zart mit einer Vanillenote im Finish. Ein vollfruchtiger Wein, der mit Eleganz und Ausgewogenheit Merlot und Syrah kombiniert und durch die Sangiovesetraube einen erfrischenden Ton mit einem fulminantem Finale erh\u00e4lt.<\/p>\n<p>&nbsp;<\/p>\n<p><strong>Auszeichnungen:<\/strong><\/p>\n<p>Robert Parker: 93\/100 Punkte f\u00fcr 2016<br \/>\nVinous Antonio Galloni: 91\/100 Punkte f\u00fcr 2016<br \/>\nJames Suckling: 92\/100 Punkte f\u00fcr 2016<br \/>\nWine Spectator: 92\/100 Punkte f\u00fcr 2016<br \/>\nJames Suckling: 93\/100 Punkte f\u00fcr 2015<br \/>\nRobert Parker: 91\/100 Punkte f\u00fcr 2015<br \/>\nJames Suckling: 90\/100 Punkte f\u00fcr 2014<br \/>\nJames Suckling: 91\/100 Punkte f\u00fcr 2013<br \/>\nJames Suckling: 92\/100 Punkte f\u00fcr 2012<br \/>\nThe Wine Front: 90\/100 Punkte f\u00fcr 2012<br \/>\nVinous Antonio Galloni: 88\/100 Punkte f\u00fcr 2012<br \/>\nJames Suckling: 92\/100 Punkte f\u00fcr 2011<br \/>\nWine Spectator: 90\/100 Punkte f\u00fcr 2011<br \/>\nWine Enthusiast: 90\/100 Punkte f\u00fcr 2011<br \/>\nVinous Antonio Galloni: 87\/100 Punkte f\u00fcr 2011<br \/>\nJames Suckling: 89\/100 Punkte f\u00fcr 2010<br \/>\nVinous Antonio Galloni: 89\/100 Punkte f\u00fcr 2010<br \/>\nThe Wine Front: 91\/100 Punkte f\u00fcr 2010<br \/>\nHuon Hooke: 89\/100 Punkte f\u00fcr 2010<br \/>\nBibenda 4 Trauben f\u00fcr 2010<br \/>\nVeronelli ** 89 Punkte f\u00fcr 2010<br \/>\nGambero Rosso 2 schwarze Gl\u00e4ser f\u00fcr 2010<\/p>\n","protected":false},"excerpt":{"rendered":"<p>Die Familie Gaja ist seit der H\u00e4lfte des 17. Jahrhunderts in Piemont ans\u00e4ssig. Das Weingut in Barbaresco wurde 1859 von Giovanni Gaja, dem Urgro\u00dfvater des heutigen Besitzers, Angelo Gaja, gegr\u00fcndet. Angelo hie\u00df auch der Sohn des Gr\u00fcnders, der 1905 die legend\u00e4re Clotilde Rey heiratete. Gemeinsam legten die beiden schon damals den Grundstein f\u00fcr die Qualit\u00e4tsphilosophie, [&hellip;]<\/p>\n","protected":false},"featured_media":5949,"comment_status":"open","ping_status":"closed","template":"","meta":[],"product_brand":[],"product_cat":[91,59,107,99],"product_tag":[720,834,835,372,158,86,193,492,376,142],"class_list":{"0":"post-5948","1":"product","2":"type-product","3":"status-publish","4":"has-post-thumbnail","6":"product_cat-italien","7":"product_cat-rotwein","8":"product_cat-toskana","9":"product_cat-trocken","10":"product_tag-bolgheri","11":"product_tag-camarcanda","12":"product_tag-gaja","13":"product_tag-merlot","14":"product_tag-prestige","15":"product_tag-rotwein","16":"product_tag-sangiovese","17":"product_tag-syrah","18":"product_tag-toskana","19":"product_tag-trocken","21":"first","22":"outofstock","23":"taxable","24":"shipping-taxable","25":"purchasable","26":"product-type-simple"},"_links":{"self":[{"href":"https:\/\/www.mercatone-kassel.de\/shop\/wp-json\/wp\/v2\/product\/5948","targetHints":{"allow":["GET"]}}],"collection":[{"href":"https:\/\/www.mercatone-kassel.de\/shop\/wp-json\/wp\/v2\/product"}],"about":[{"href":"https:\/\/www.mercatone-kassel.de\/shop\/wp-json\/wp\/v2\/types\/product"}],"replies":[{"embeddable":true,"href":"https:\/\/www.mercatone-kassel.de\/shop\/wp-json\/wp\/v2\/comments?post=5948"}],"wp:featuredmedia":[{"embeddable":true,"href":"https:\/\/www.mercatone-kassel.de\/shop\/wp-json\/wp\/v2\/media\/5949"}],"wp:attachment":[{"href":"https:\/\/www.mercatone-kassel.de\/shop\/wp-json\/wp\/v2\/media?parent=5948"}],"wp:term":[{"taxonomy":"product_brand","embeddable":true,"href":"https:\/\/www.mercatone-kassel.de\/shop\/wp-json\/wp\/v2\/product_brand?post=5948"},{"taxonomy":"product_cat","embeddable":true,"href":"https:\/\/www.mercatone-kassel.de\/shop\/wp-json\/wp\/v2\/product_cat?post=5948"},{"taxonomy":"product_tag","embeddable":true,"href":"https:\/\/www.mercatone-kassel.de\/shop\/wp-json\/wp\/v2\/product_tag?post=5948"}],"curies":[{"name":"wp","href":"https:\/\/api.w.org\/{rel}","templated":true}]}}