{"id":8550,"date":"2021-03-22T14:37:47","date_gmt":"2021-03-22T13:37:47","guid":{"rendered":"https:\/\/www.mercatone-kassel.de\/shop\/?post_type=product&#038;p=8550"},"modified":"2025-10-15T14:22:06","modified_gmt":"2025-10-15T12:22:06","slug":"60-prosecco-rose-doc-treviso-extra-dry-millesimato-2020-15-lt-montagner","status":"publish","type":"product","link":"https:\/\/www.mercatone-kassel.de\/shop\/shop\/weine\/schaumwein\/60-prosecco-rose-doc-treviso-extra-dry-millesimato-2020-15-lt-montagner\/","title":{"rendered":"60 Prosecco Ros\u00e9 Doc Treviso Extra Dry Millesimato 2023 1,5 Lt &#8211; Montagner"},"content":{"rendered":"<p><strong>Montagner<\/strong>, ein historisches Unternehmen aus Motta di Livenza, einer der bekanntesten Hersteller von Prosecco, w\u00fcrdigt seine ersten 60 Jahre seiner T\u00e4tigkeit, indem er sie mit dieser neuen Flasche<\/p>\n<p>mit einem hellen und sprudelndem Aussehen feiert.<\/p>\n<p>&nbsp;<\/p>\n<p>Die besten von Hand geernteten und mit einem sanften Pressen verarbeiteten Prosecco-Trauben, die nach der italienischen Methode im Autoklaven oder der Charmat-Methode g\u00e4ren, lassen einen Prosecco mit fruchtigen und blumigen Aromen entstehen, der am Gaumen zart und harmonisch ist.<\/p>\n<p>&nbsp;<\/p>\n<p><strong>60 Jahre wundersch\u00f6n getragen: alles Gute zum Geburtstag !!!<\/strong><\/p>\n<p>&nbsp;<\/p>\n<p><strong>Produktionsverfahren:<\/strong><\/p>\n<p>Dieser Sekt besteht zu 90% aus Glera und zu 10% aus Pinot Noir aus der Provinz Treviso. Die Ernte findet Ende August f\u00fcr den Pinot Noir und etwa mitte September f\u00fcr die Glera statt. Nach dem Pressen und der prim\u00e4ren Fermentation Temperatur kontrolliert (17 \u00b0 -18 \u00b0 C) mit ausgew\u00e4hlten Hefen, werden die beiden Weine kombiniert, um die Einigung von Schaum im Autoklaven f\u00fcr 60 Tage zu beginnen, gefolgt von etwa 7 Tagen Zahnsteinstabilisierung bei -3 \u00b0 C. bevor Sie mit der Filtration und Abf\u00fcllung fortfahren.<\/p>\n<p>&nbsp;<\/p>\n<p><strong>Organoleptische Eigenschaften:<\/strong><\/p>\n<p>Sekt mit einer feinen und anhaltenden Perlage, einer blassrosa Farbe, einem aromatischen Duft,Komplex mit einem Hauch von Himbeere und Erdbeere. Zarter Geschmack, der an Apfel, wei\u00dfem Pfirsich, Zitrusfr\u00fcchte und Walderdbeeren erinnert.<\/p>\n<p><strong>Passend zu:<\/strong><\/p>\n<p>Hervorragender Aperitif, perfekt zu rohem Fisch und Sushi, Gem\u00fcserisotto und alln Anl\u00e4ssen wie Treffen und Feiern.<\/p>\n","protected":false},"excerpt":{"rendered":"<p>Montagner, ein historisches Unternehmen aus Motta di Livenza, einer der bekanntesten Hersteller von Prosecco, w\u00fcrdigt seine ersten 60 Jahre seiner T\u00e4tigkeit, indem er sie mit dieser neuen Flasche mit einem hellen und sprudelndem Aussehen feiert. &nbsp; Die besten von Hand geernteten und mit einem sanften Pressen verarbeiteten Prosecco-Trauben, die nach der italienischen Methode im Autoklaven [&hellip;]<\/p>\n","protected":false},"featured_media":8553,"comment_status":"open","ping_status":"closed","template":"","meta":[],"product_brand":[],"product_cat":[403,91,909,62,44,98],"product_tag":[405,1725,1726,1724,670,911,369,525,404,63,228,362],"class_list":{"0":"post-8550","1":"product","2":"type-product","3":"status-publish","4":"has-post-thumbnail","6":"product_cat-halbtrocken","7":"product_cat-italien","8":"product_cat-magnumflaschen","9":"product_cat-rose","10":"product_cat-schaumwein","11":"product_cat-venetien","12":"product_tag-brut","13":"product_tag-geschenk","14":"product_tag-geschenkbox","15":"product_tag-geschenkideen","16":"product_tag-glera","17":"product_tag-magnum","18":"product_tag-montagner","19":"product_tag-pinot_nero","20":"product_tag-prosecco","21":"product_tag-rose","22":"product_tag-schaumwein","23":"product_tag-venetien","25":"first","26":"instock","27":"taxable","28":"shipping-taxable","29":"purchasable","30":"product-type-simple"},"_links":{"self":[{"href":"https:\/\/www.mercatone-kassel.de\/shop\/wp-json\/wp\/v2\/product\/8550","targetHints":{"allow":["GET"]}}],"collection":[{"href":"https:\/\/www.mercatone-kassel.de\/shop\/wp-json\/wp\/v2\/product"}],"about":[{"href":"https:\/\/www.mercatone-kassel.de\/shop\/wp-json\/wp\/v2\/types\/product"}],"replies":[{"embeddable":true,"href":"https:\/\/www.mercatone-kassel.de\/shop\/wp-json\/wp\/v2\/comments?post=8550"}],"wp:featuredmedia":[{"embeddable":true,"href":"https:\/\/www.mercatone-kassel.de\/shop\/wp-json\/wp\/v2\/media\/8553"}],"wp:attachment":[{"href":"https:\/\/www.mercatone-kassel.de\/shop\/wp-json\/wp\/v2\/media?parent=8550"}],"wp:term":[{"taxonomy":"product_brand","embeddable":true,"href":"https:\/\/www.mercatone-kassel.de\/shop\/wp-json\/wp\/v2\/product_brand?post=8550"},{"taxonomy":"product_cat","embeddable":true,"href":"https:\/\/www.mercatone-kassel.de\/shop\/wp-json\/wp\/v2\/product_cat?post=8550"},{"taxonomy":"product_tag","embeddable":true,"href":"https:\/\/www.mercatone-kassel.de\/shop\/wp-json\/wp\/v2\/product_tag?post=8550"}],"curies":[{"name":"wp","href":"https:\/\/api.w.org\/{rel}","templated":true}]}}